{"id":4884,"date":"2024-09-17T14:37:32","date_gmt":"2024-09-17T12:37:32","guid":{"rendered":"https:\/\/cirzem.pl\/?page_id=4884"},"modified":"2024-09-17T15:39:31","modified_gmt":"2024-09-17T13:39:31","slug":"standardy-ochrony-maloletnich","status":"publish","type":"page","link":"https:\/\/cirzem.pl\/index.php\/standardy-ochrony-maloletnich\/","title":{"rendered":"STANDARDY OCHRONY MA\u0141OLETNICH"},"content":{"rendered":"\n<p>Standardy Ochrony Ma\u0142oletnich \u2013 wersja skr\u00f3cona, dla ma\u0142oletnich<\/p>\n\n\n\n<p>STANDARDY OCHRONY MA\u0141OLETNICH \u2013 s\u0105 to konkretne spisane regu\u0142y, zasady, praktyki, kt\u00f3re gwarantuj\u0105, \u017ce ma\u0142oletni na terenie izby rzemie\u015blniczej s\u0105 bezpieczni,<br>nie doznaj\u0105 krzywdzenia ze strony pracownik\u00f3w izby rzemie\u015blniczej, a co wi\u0119cej<br>i r\u00f3wie\u015bnik\u00f3w.<\/p>\n\n\n\n<p>Cz\u0119stochowska Izba Rzemios\u0142a i Przedsi\u0119biorczo\u015bci w Cz\u0119stochowie ustanowi\u0142a i wprowadzi\u0142a w \u017cycie \u201eStandardy Ochrony Ma\u0142oletnich\u201d przed krzywdzeniem i zapewnienia im bezpiecze\u0144stwa.<\/p>\n\n\n\n<p>Rozdzia\u0142 1 Obja\u015bnienie termin\u00f3w<\/p>\n\n\n\n<ol class=\"wp-block-list\">\n<li>Ma\u0142oletni to ka\u017cda osoba do uko\u0144czenia 18 roku \u017cycia.<\/li>\n\n\n\n<li>Przez krzywdzenie ma\u0142oletniego rozumie si\u0119 zamierzone lub niezamierzone dzia\u0142anie osoby doros\u0142ej lub innego ma\u0142oletniego, kt\u00f3re ujemnie wp\u0142ywa na Wasz rozw\u00f3j fizyczny lub psychiczny.<\/li>\n<\/ol>\n\n\n\n<p>Rozdzia\u0142 2 Polityka ochrony ma\u0142oletnich w Cz\u0119stochowskiej Izbie Rzemios\u0142a i Przedsi\u0119biorczo\u015bci w Cz\u0119stochowie<\/p>\n\n\n\n<ol class=\"wp-block-list\">\n<li>Cz\u0119stochowska Izba Rzemios\u0142a i Przedsi\u0119biorczo\u015bci w Cz\u0119stochowie, zwana dalej Izb\u0105, posiada i stosuje dokument \u201eStandardy Ochrony Ma\u0142oletnich\u201d, dost\u0119pny w wersji skr\u00f3conej na stronie internetowej pod adresem: <a href=\"https:\/\/www.cirzem.pl\">www.cirzem.pl<\/a> i w wersji pe\u0142nej znajduj\u0105cej si\u0119 w siedzibie organizacji.<\/li>\n\n\n\n<li>W dokumencie Standardy Ochrony Ma\u0142oletnich, w wersji pe\u0142nej, dost\u0119pnej w siedzibie Izby zapisane s\u0105:<br>1)\u00a0 procedury zg\u0142aszania podejrze\u0144 oraz podejmowania interwencji, kt\u00f3re okre\u015blaj\u0105 krok po kroku, jakie dzia\u0142anie nale\u017cy podj\u0105\u0107 w sytuacji krzywdzenia ma\u0142oletniego\u00a0 lub zagro\u017cenia jego bezpiecze\u0144stwa ze strony os\u00f3b obcych, cz\u0142onk\u00f3w rodziny, pracownik\u00f3w Izby oraz r\u00f3wie\u015bnik\u00f3w;<br>2)\u00a0 zasady ochrony danych osobowych ma\u0142oletniego, kt\u00f3re okre\u015blaj\u0105 spos\u00f3b przechowywania i udost\u0119pniania informacji o ma\u0142oletnim oraz zasady ochrony wizerunku ma\u0142oletniego, kt\u00f3re okre\u015blaj\u0105 spos\u00f3b jego utrwalania i udost\u0119pniania;<br>3)\u00a0 zasady dost\u0119pu ma\u0142oletniego do Internetu w Izbie oraz ochrony ma\u0142oletnich przed szkodliwymi tre\u015bciami;<br>4)\u00a0 zasady bezpiecznych relacji pracownik\u00f3w Izby \u2013 ma\u0142oletni, okre\u015blaj\u0105ce jakie zachowania s\u0105 niedozwolone w kontakcie z ma\u0142oletnim.<\/li>\n\n\n\n<li>Wszyscy pracownicy Izby, w tym wolontariusze oraz praktykanci, znaj\u0105 tre\u015b\u0107 dokumentu Standard\u00f3w Ochrony Ma\u0142oletnich przed krzywdzeniem.<\/li>\n\n\n\n<li>Kierownictwo Izby wyznaczy\u0142o osoby odpowiedzialne za monitoring realizacji Standard\u00f3w Ochrony Ma\u0142oletnich i jej rola oraz zadania s\u0105 jasno okre\u015blone<\/li>\n\n\n\n<li>W Izbie s\u0105 wyznaczone osoby odpowiedzialne za monitoring bezpiecze\u0144stwa sieci komputerowej.<\/li>\n<\/ol>\n\n\n\n<p>Rozdzia\u0142 3 Rozpoznawanie i reagowanie na czynniki ryzyka krzywdzenia ma\u0142oletnich<br><strong>Wszyscy pracownicy Izby w ramach wykonywanych obowi\u0105zk\u00f3w zwracaj\u0105 uwag\u0119, kiedy Tobie lub innemu ma\u0142oletniemu dzieje si\u0119 krzywda.<\/strong><\/p>\n\n\n\n<p>Wyr\u00f3\u017cnia si\u0119 nast\u0119puj\u0105ce, podstawowe formy krzywdzenia:<\/p>\n\n\n\n<ul class=\"wp-block-list\">\n<li>przemoc fizyczna wobec ma\u0142oletniego. Jest to dzia\u0142anie b\u0105d\u017a zaniechanie, wskutek kt\u00f3rego ma\u0142oletni doznaje faktycznej fizycznej krzywdy lub jest ni\u0105 potencjalnie zagro\u017cony. Krzywda stanowi rezultat dzia\u0142ania b\u0105d\u017a zaniechania ze strony rodzica, opiekuna, osoby odpowiedzialnej za ma\u0142oletniego, posiadaj\u0105cej nad nim w\u0142adz\u0119 lub takiej, kt\u00f3rej ufa. O przemocy fizycznej m\u00f3wimy zar\u00f3wno w wymiarze jednorazowym, jak i powtarzaj\u0105cym si\u0119.<\/li>\n\n\n\n<li>przemoc psychiczna wobec ma\u0142oletniego. Jest to przewlek\u0142a, niefizyczna, szkodliwa interakcja pomi\u0119dzy ma\u0142oletnim a osob\u0105 za niego odpowiedzialn\u0105 lub osob\u0105,<br>kt\u00f3rej ma\u0142oletni ufa. Tak jak w przypadku przemocy fizycznej obejmuje zar\u00f3wno dzia\u0142ania, jak i zaniechania. Do przejaw\u00f3w przemocy psychicznej zaliczamy m.in.<br>a) niedost\u0119pno\u015b\u0107 emocjonaln\u0105,<br>b) zaniedbywanie emocjonalne,<br>c) relacj\u0119 z ma\u0142oletnim opart\u0105 na wrogo\u015bci, obwinianiu, oczernianiu, odrzucaniu,<br>d) nieodpowiednie rozwojowo lub niekonsekwentne interakcje z ma\u0142oletnim,<br>e) niedostrzeganie lub nieuznawanie indywidualno\u015bci ma\u0142oletniego,<br>f) niedostrzeganie lub nieuznawanie granic psychicznych mi\u0119dzy ma\u0142oletnim a osob\u0105 odpowiedzialn\u0105,<br>g) nieodpowiedni\u0105 socjalizacj\u0119, demoralizacj\u0119,<br>h) sytuacje, w kt\u00f3rych ma\u0142oletni jest \u015bwiadkiem przemocy<\/li>\n\n\n\n<li>przemoc seksualn\u0105 wobec ma\u0142oletniego (wykorzystywanie seksualne ma\u0142oletniego). Jest to anga\u017cowanie ma\u0142oletniego przez osob\u0119 doros\u0142\u0105 lub innego ma\u0142oletniego w aktywno\u015b\u0107 seksualn\u0105. Dotyczy sytuacji, gdy nie dochodzi do kontaktu fizycznego (np. ekshibicjonizm, molestowanie werbalne \u2013 np. prowadzenie rozm\u00f3w o tre\u015bci seksualnej nieadekwatnej do wieku ma\u0142oletniego, komentowanie w spos\u00f3b seksualny wygl\u0105du i zachowania ma\u0142oletniego, zach\u0119canie do kontaktu z tre\u015bciami pornograficznymi, grooming \u2013 strategie nieseksualnego uwodzenia ma\u0142oletniego (z intencj\u0105 nawi\u0105zania kontaktu seksualnego w przysz\u0142o\u015bci) i gdy do takiego kontaktu dochodzi (sytuacje takie jak: dotykanie ma\u0142oletniego, zmuszanie ma\u0142oletniego do dotykania cia\u0142a sprawcy, stosunek seksualny). Ka\u017cda czynno\u015b\u0107 seksualna podejmowana z ma\u0142oletnim przed uko\u0144czeniem 15. roku \u017cycia jest przest\u0119pstwem.<br>W przypadku ma\u0142oletnich m\u00f3wimy o wykorzystaniu seksualnym, kiedy mi\u0119dzy wykorzystuj\u0105cym (doros\u0142y, inny ma\u0142oletni) a wykorzystywanym (ma\u0142oletnim) z uwagi na wiek lub stopie\u0144 rozwoju zachodzi relacja w\u0142adzy, opieki czy zale\u017cno\u015bci.<br>Do innej formy wykorzystywania seksualnego ma\u0142oletnich zalicza si\u0119 wyzyskiwanie seksualne. Jest to jakiekolwiek: faktyczne lub usi\u0142owane nadu\u017cycie podatno\u015bci ma\u0142oletniego na zagro\u017cenia, przewagi si\u0142 lub zaufania \u2013 w celu seksualnym. Wyzysk seksualny obejmuje (chocia\u017c nie jest to konieczne) czerpanie zysk\u00f3w\u00a0 finansowych,\u00a0 spo\u0142ecznych\u00a0 lub\u00a0 politycznych z wykorzystania seksualnego. Szczeg\u00f3lne zagro\u017cenie wyzyskiem seksualnym ma miejsce podczas kryzys\u00f3w humanitarnych. Zagro\u017cenie wyzyskiem seksualnym dotyczy zar\u00f3wno samych ma\u0142oletnich, jak i opiekun\u00f3w prawnych tych ma\u0142oletnich mog\u0105cych pa\u015b\u0107 ofiar\u0105 wyzysku.<\/li>\n\n\n\n<li>Przemocy mo\u017cecie do\u015bwiadczy\u0107 ze strony innych r\u00f3wie\u015bnik\u00f3w, rodzic\u00f3w lub opiekun\u00f3w, os\u00f3b trzecich (os\u00f3b, z kt\u00f3rymi mia\u0142e\u015b\/a\u015b kontakt, czy pracownik\u00f3w Izby).<\/li>\n<\/ul>\n\n\n\n<p>Rozdzia\u0142 4 Procedury interwencji w przypadku krzywdzenia ma\u0142oletnich<\/p>\n\n\n\n<ol class=\"wp-block-list\">\n<li>W przypadku do\u015bwiadczenia jakiejkolwiek z wy\u017cej wymienionych form krzywdzenia ze strony os\u00f3b doros\u0142ych lub innych r\u00f3wie\u015bnik\u00f3w zawiadom osob\u0119 odpowiedzialn\u0105 za przyjmowanie zg\u0142osze\u0144 lub kierownictwo Izby, w\u00f3wczas stosownie do zg\u0142oszonej sytuacji zostanie uruchomiona odpowiednia procedura.<\/li>\n<\/ol>\n\n\n\n<p>Rozdzia\u0142 5 Zasady ochrony wizerunku ma\u0142oletnich<\/p>\n\n\n\n<ol class=\"wp-block-list\">\n<li>Izba uznaj\u0105c Twoje prawo do prywatno\u015bci i ochrony d\u00f3br osobistych zapewnia najwy\u017csze standardy ochrony Twoich danych osobowych oraz Twojego wizerunku zgodnie\u00a0 z obowi\u0105zuj\u0105cymi przepisami prawa.<\/li>\n\n\n\n<li>Zgod\u0119 na publikacj\u0119 Twojego wizerunku wyra\u017caj\u0105 w formie pisemnej rodzice lub opiekunowie prawni.<\/li>\n<\/ol>\n\n\n\n<p>Rozdzia\u0142 6 Zasady dost\u0119pu ma\u0142oletnich do Internetu<\/p>\n\n\n\n<ol class=\"wp-block-list\">\n<li>Izba zapewnia Ci dost\u0119p do Internetu, jednocze\u015bnie podejmuje dzia\u0142ania zabezpieczaj\u0105ce dost\u0119p do tre\u015bci, kt\u00f3re mog\u0105 stanowi\u0107 zagro\u017cenie dla Twojego prawid\u0142owego rozwoju.<br>W Izbie zainstalowane jest i aktualizowane oprogramowanie zabezpieczaj\u0105ce.<\/li>\n\n\n\n<li>Z Internetu mo\u017cesz korzysta\u0107 jedynie pod nadzorem pracownika Izby.<\/li>\n<\/ol>\n\n\n\n<p>Rozdzia\u0142 7 Monitoring stosowania Standard\u00f3w<\/p>\n\n\n\n<ol class=\"wp-block-list\">\n<li>Raz w na dwa lata dokonywana jest analiza realizacji Standard\u00f3w Ochrony Ma\u0142oletnich i w razie potrzeby kierownictwo Izby wprowadza do Standard\u00f3w niezb\u0119dne zmiany<br>i og\u0142asza pracownikom Izby, ma\u0142oletnim i ich opiekunom nowe brzmienie Standard\u00f3w.<\/li>\n<\/ol>\n\n\n\n<p>Rozdzia\u0142 8 Zasady udost\u0119pniania ma\u0142oletnim i ich opiekunom Standard\u00f3w do zapoznania &nbsp;&nbsp;si\u0119 z nimi i ich stosowania<\/p>\n\n\n\n<ol class=\"wp-block-list\">\n<li>Dokument \u201eStandardy Ochrony Ma\u0142oletnich\u201d jest dokumentem Izby og\u00f3lnodost\u0119pnym dla pracownik\u00f3w Izby, ma\u0142oletnich oraz ich opiekun\u00f3w.<\/li>\n\n\n\n<li>Cechy\/izby rzemie\u015blnicze udost\u0119pniaj\u0105 Standardy Ochrony Ma\u0142oletnich na swojej stronie internetowej (o ile cech\/izba rzemie\u015blnicza posiada stron\u0119 internetow\u0105) oraz wywieszaj\u0105 w widocznym miejscu w swoim lokalu, w wersji zupe\u0142nej oraz skr\u00f3conej, przeznaczonej dla ma\u0142oletnich. Wersja skr\u00f3cona stanowi za\u0142\u0105cznik nr 1 do niniejszych Standard\u00f3w. Obowi\u0105zkiem rodzic\u00f3w\/opiekun\u00f3w prawnych jest zaznajomienie si\u0119 ze Standardami<br>i wynikaj\u0105cymi z nich zasadami ochrony ma\u0142oletnich przed krzywdzeniem.<br>W tym celu mog\u0105 wype\u0142ni\u0107 O\u015bwiadczenie o zapoznaniu si\u0119 ze Standardami Ochrony Ma\u0142oletnich rodzic\u00f3w\/opiekun\u00f3w prawnych i ich ma\u0142oletnich, stanowi\u0105ce za\u0142\u0105cznik<br>nr 10 do niniejszych Standard\u00f3w.<\/li>\n<\/ol>\n\n\n\n<p>Rozdzia\u0142 9 Przepisy ko\u0144cowe<\/p>\n\n\n\n<ol class=\"wp-block-list\">\n<li>Standardy wprowadzone przez Izb\u0119 wchodz\u0105 w \u017cycie z dniem ich og\u0142oszenia.<\/li>\n\n\n\n<li>Og\u0142oszenie nast\u0119puje w spos\u00f3b dost\u0119pny dla pracownik\u00f3w Izby, ma\u0142oletnich i ich opiekun\u00f3w, w szczeg\u00f3lno\u015bci poprzez wywieszenie w miejscu og\u0142osze\u0144 dla pracownik\u00f3w lub poprzez przes\u0142anie tekstu drog\u0105 elektroniczn\u0105 oraz poprzez zamieszczenie na stronie internetowej.<\/li>\n\n\n\n<li>Podmioty wsp\u00f3\u0142pracuj\u0105ce z Izb\u0105 w przypadku, gdy ich dzia\u0142alno\u015b\u0107 obejmuje kontakt<br>z ma\u0142oletnimi, s\u0105 zobowi\u0105zane do przestrzegania niniejszych Standard\u00f3w.<\/li>\n<\/ol>\n\n\n\n<h5 class=\"wp-block-heading\"><a><\/a>Gdzie skierowa\u0107 opiekuna potrzebuj\u0105cego wsparcia dla siebie i ma\u0142oletniego?<\/h5>\n\n\n\n<ul class=\"wp-block-list\">\n<li><strong>Lokalne o\u015brodki pomocy spo\u0142ecznej <\/strong>\u2013 opr\u00f3cz wsparcia ekonomicznego, prawnego, mieszkaniowego, rzeczowego itd. wiele o\u015brodk\u00f3w oferuje r\u00f3wnie\u017c warsztaty podnoszenia umiej\u0119tno\u015bci W OPS-ie istnieje ponadto mo\u017cliwo\u015b\u0107 uzyskania pomocy asystenta rodziny (na wniosek rodzic\u00f3w), a tak\u017ce zawnioskowania o asystenta osobistego osoby z niepe\u0142nosprawno\u015bci\u0105, je\u015bli rodzina posiada pod opiek\u0105 dziecko z orzeczeniem<br>o niepe\u0142nosprawno\u015bci. Dla wielu rodzin mo\u017cliwo\u015b\u0107 uzyskania wsparcia asystenckiego jest tym, co ratuje dziecko i rodzin\u0119 przed trwa\u0142ym kryzysem! Pomoc OPS-u jest nieodp\u0142atna.<br>Miejski O\u015brodek Pomocy Spo\u0142ecznej w Cz\u0119stochowie<br>ul. Polskiej Organizacji Wojskowej 2<br>42-200 Cz\u0119stochowa<br>kancelaria@mops.czestochowa.pl<br>https:\/\/www.mops.czestochowa.pl\/<\/li>\n\n\n\n<li><strong>O\u015brodki interwencji kryzysowej <\/strong>\u2013 plac\u00f3wki prowadzone przez Oferuj\u0105 pomoc osobom, kt\u00f3re do\u015bwiadczaj\u0105 trudnej sytuacji \u017cyciowej i braku r\u00f3wnowagi psychicznej na skutek m.in.: \u015bmierci bliskiej osoby, choroby w\u0142asnej, dziecka czy innej bliskiej osoby, rozwodu\/rozstania, konflikt\u00f3w w rodzinie, zagro\u017cenia przemoc\u0105. W o\u015brodku prowadzone jest poradnictwo psychologiczne, interwencja kryzysowa, kr\u00f3tkoterminowa psychoterapia, organizowane s\u0105 warsztaty i grupy wsparcia. Pomoc OIK-u jest nieodp\u0142atna.<br>Cz\u0119stochowskie Centrum Interwencji Kryzysowej<br>ul. Rejtana 7B<br>42-200 Cz\u0119stochowa<br>tel.: (34) 366 31 21<br>http:\/\/www.interwencjakryzysowa.pl\/osrodki-interwencji-kryzysowej\/3743<\/li>\n\n\n\n<li><strong>Poradnie psychologiczno-pedagogiczne<\/strong> \u2013 \u015bwiadcz\u0105 pomoc diagnostyczn\u0105 i konsultacyjn\u0105, organizuj\u0105 kursy psychoedukacyjne i podnosz\u0105ce kompetencje rodzicielskie (np. szko\u0142a dla rodzic\u00f3w, warsztaty pozytywnej dyscypliny, warsztaty dla rodzic\u00f3w dzieci z ADHD). Pracuj\u0105 w nich zespo\u0142y orzecznicze, umo\u017cliwiaj\u0105ce uzyskanie m.in. orzeczenia o potrzebie kszta\u0142cenia specjalnego, opinii o potrzebie wczesnego wspomagania rozwoju, orzeczenie o potrzebie indywidualnego nauczania. Pomoc w publicznej poradni psychologiczno- pedagogicznych jest bezp\u0142atna.\n<ul class=\"wp-block-list\">\n<li><strong>Zesp\u00f3\u0142 Poradni Psychologiczno-Pedagogicznych \u2013 Poradnia Psychologiczno-Pedagogiczna Po\u0142udnie<br><\/strong>ul. \u0141ukasi\u0144skiego 40, 42-200 Cz\u0119stochowa<br>tel.\u00a0 tel kom. 533 300 136<br>E-mail: <em>pppp1@edukacja.czestochowa.pl<\/em><br><strong>Zesp\u00f3\u0142 Poradni Psychologiczno-Pedagogicznych<br><\/strong>ul. Kosmowskiej 5, 42-224 Cz\u0119stochowa<br>tel. 34 362 24 24, tel. kom. 739 212 739<br>E-mail: <em>zppp@edukacja.czestochowa.pl<br>Strona WWW: https:\/\/zpp.ids.czest.pl<\/em><\/li>\n<\/ul>\n<\/li>\n<\/ul>\n\n\n\n<ul class=\"wp-block-list\">\n<li><strong>O\u015brodki<\/strong> <strong>wsparcia<\/strong> <strong>dziennego<\/strong> (dawniej \u201e\u015bwietlice \u015brodowiskowe\u201d) \u2013 pobyt dziecka w takim o\u015brodku trwa kilka godzin (g\u0142\u00f3wnie po lekcjach), jest bezp\u0142atny i dobrowolny, a oferta kierowana jest przede wszystkim do rodzin borykaj\u0105cych si\u0119 z trudno\u015bciami wychowawczo-opieku\u0144czymi, kt\u00f3re wychowuj\u0105 dzieci w wieku W o\u015brodkach wsparcia dziennego dzieci mog\u0105 otrzyma\u0107 posi\u0142ek, pomoc w odrabianiu lekcji, uczestniczy\u0107 w zaj\u0119ciach socjoterapeutycznych, kompensacyjnych i innych.<br>https:\/\/www.mops.czestochowa.pl\/wykaz-placowek-wsparcia-dziennego-na-terenie-miasta-czestochowy<\/li>\n\n\n\n<li><strong>\u015arodowiskowe centra zdrowia psychicznego dla doros\u0142ych oraz \u015brodowiskowe centra <\/strong><strong>zdrowia psychicznego dla dzieci i m\u0142odzie\u017cy <\/strong>\u2013 oferuj\u0105 wsparcie dla dzieci oraz rodzic\u00f3w do\u015bwiadczaj\u0105cych kryzysu psychicznego i trudno\u015bci rodzicielskich w formie indywidualnej, grup terapeutycznych i warsztat\u00f3w. Centra dzia\u0142aj\u0105 w ramach NFZ.Wojew\u00f3dzki Zak\u0142ad Opieki Zdrowotnej Nad Matk\u0105, Dzieckiem i M\u0142odzie\u017c\u0105<br>O\u015brodek \u015arodowiskowej Opieki Psychologicznej I Psychoterapeutycznej Dla Dzieci I M\u0142odzie\u017cy \u2013 I Poziom Referencyjny<br>ul. Sobieskiego 7 A<br>42-200 Cz\u0119stochowa<br>tel.: (34) 360 61 34<\/li>\n\n\n\n<li>Strefa Medycyny Sp\u00f3\u0142ka Z Ograniczon\u0105 Odpowiedzialno\u015bci\u0105 O\u015brodek \u015arodowiskowej Opieki Psychologicznej I Psychoterapeutycznej Dla Dzieci I M\u0142odzie\u017cy \u2013 I Poziom Referencyjny<br>ul. Drogowc\u00f3w 12<br>42-200 Cz\u0119stochowa<br>tel.: 663450045<\/li>\n\n\n\n<li><strong>Centra<\/strong> <strong>pomocy<\/strong> <strong>dzieciom<\/strong> \u2013 s\u0105 to miejsca, w kt\u00f3rych dzieci pokrzywdzone przest\u0119pstwem oraz ich opiekunowie otrzymuj\u0105 pod jednym dachem kompleksow\u0105 i interdyscyplinarn\u0105 Oznacza to, \u017ce spraw\u0119 dziecka, kt\u00f3re trafi pod opiek\u0119 centrum, prowadzi od pocz\u0105tku do ko\u0144ca grupa tych samych profesjonalist\u00f3w. Na spotkaniach zespo\u0142u interdyscyplinarnego wsp\u00f3lnie podejmuj\u0105 decyzj\u0119, jakiego rodzaju wsparcia potrzebuje dziecko i jego opiekunowie. Strategi\u0119 pomocy realizuj\u0105 \u2212 na ile jest to mo\u017cliwe \u2013 pracownicy szko\u0142y: psycholodzy, lekarze, pracownik socjalny. Odbywa si\u0119 tu r\u00f3wnie\u017c przes\u0142uchanie s\u0105dowe dziecka, je\u015bli jest to potrzebne. Map\u0119 tych miejsc znajdziesz na stronie: <a href=\"https:\/\/centrapomocydzieciom.fdds.pl\/\">https:\/\/centrapomocydzieciom.fdds.pl\/<\/a><\/li>\n\n\n\n<li><strong>Og\u00f3lnopolskie i lokalne organizacje pozarz\u0105dowe zajmuj\u0105ce si\u0119 wspieraniem rodzic\u00f3w i dzieci.<\/strong> W\u015br\u00f3d dost\u0119pnych mo\u017cliwo\u015bci s\u0105 mi\u0119dzy innymi: grupy wsparcia (dla rodzic\u00f3w ma\u0142ych dzieci, dla rodzic\u00f3w w \u017ca\u0142obie, dla rodzic\u00f3w dzieci z niepe\u0142nosprawno\u015bci\u0105, itd.), konsultacje i terapie psychologiczne, warsztaty i zaj\u0119cia psychoedukacyjne dla rodzic\u00f3w, warsztaty dla dzieci.<\/li>\n\n\n\n<li><strong>Telefon<\/strong> <strong>zaufania<\/strong> <strong>dla<\/strong> <strong>dzieci<\/strong> <strong>i<\/strong> <strong>m\u0142odzie\u017cy<\/strong> <strong>116111<\/strong> <strong>prowadzony<\/strong> <strong>przez<\/strong> <strong>Fundacj\u0119<\/strong> <strong>Dajemy <\/strong><strong>Dzieciom Si\u0142\u0119, <\/strong>\u2013 bezp\u0142atny, anonimowy, ca\u0142odobowy, w j\u0119zyku polskim, ukrai\u0144skim i rosyjskim; <a href=\"https:\/\/116111.pl\/\">https:\/\/116111.pl<\/a><\/li>\n\n\n\n<li><strong>Dzieci\u0119cy Telefon Zaufania Rzeczniczki Praw Dziecka 800121212 <\/strong>\u2013 bezp\u0142atny anonimowy, ca\u0142odobowy, w j\u0119zyku polskim, ukrai\u0144skim i rosyjskim <a href=\"https:\/\/800121212.pl\/\">https:\/\/800121212.pl<\/a><\/li>\n<\/ul>\n\n\n\n<p>W celu usuni\u0119cia z Internetu nielegalnych, kompromituj\u0105cych lub krzywdz\u0105cych materia\u0142\u00f3w nale\u017cy poinformowa\u0107 opiekun\u00f3w prawnych ma\u0142oletniego o mo\u017cliwo\u015bciach ich usuni\u0119cia we wsp\u00f3\u0142pracy z <a href=\"http:\/\/www.Dy\u017curnet.pl\">www.Dy\u017curnet.pl <\/a>oraz w trybie zg\u0142aszania takich tre\u015bci poprzez formularz na stronie, na kt\u00f3rej materia\u0142 zosta\u0142 opublikowany.<\/p>\n\n\n\n<p>W przypadku udost\u0119pnienia materia\u0142\u00f3w naruszaj\u0105cych intymno\u015b\u0107 i prywatno\u015b\u0107 ma\u0142oletniego, mo\u017cliwe jest r\u00f3wnie\u017c skorzystanie ze strony <a href=\"https:\/\/stopncii.org\/\">https:\/\/stopncii.org\/<\/a> , czyli Stop Non-Consensual Intimate Image Abuse. Strona pomaga usun\u0105\u0107 z Internetu materia\u0142y intymne z wizerunkiem osoby, kt\u00f3ra nie wyrazi\u0142a zgody na upublicznienie tre\u015bci.<\/p>\n","protected":false},"excerpt":{"rendered":"<p>Standardy Ochrony Ma\u0142oletnich \u2013 wersja skr\u00f3cona, dla ma\u0142oletnich STANDARDY OCHRONY MA\u0141OLETNICH \u2013 s\u0105 to konkretne spisane regu\u0142y, zasady, praktyki, kt\u00f3re gwarantuj\u0105, \u017ce ma\u0142oletni na terenie izby rzemie\u015blniczej s\u0105 bezpieczni,nie doznaj\u0105 krzywdzenia ze strony pracownik\u00f3w izby rzemie\u015blniczej, a co wi\u0119ceji r\u00f3wie\u015bnik\u00f3w. Cz\u0119stochowska Izba Rzemios\u0142a i Przedsi\u0119biorczo\u015bci w Cz\u0119stochowie ustanowi\u0142a i wprowadzi\u0142a w \u017cycie \u201eStandardy Ochrony Ma\u0142oletnich\u201d [&hellip;]<\/p>\n","protected":false},"author":2,"featured_media":0,"parent":0,"menu_order":0,"comment_status":"closed","ping_status":"closed","template":"","meta":{"footnotes":""},"class_list":["post-4884","page","type-page","status-publish","hentry"],"_links":{"self":[{"href":"https:\/\/cirzem.pl\/index.php\/wp-json\/wp\/v2\/pages\/4884","targetHints":{"allow":["GET"]}}],"collection":[{"href":"https:\/\/cirzem.pl\/index.php\/wp-json\/wp\/v2\/pages"}],"about":[{"href":"https:\/\/cirzem.pl\/index.php\/wp-json\/wp\/v2\/types\/page"}],"author":[{"embeddable":true,"href":"https:\/\/cirzem.pl\/index.php\/wp-json\/wp\/v2\/users\/2"}],"replies":[{"embeddable":true,"href":"https:\/\/cirzem.pl\/index.php\/wp-json\/wp\/v2\/comments?post=4884"}],"version-history":[{"count":5,"href":"https:\/\/cirzem.pl\/index.php\/wp-json\/wp\/v2\/pages\/4884\/revisions"}],"predecessor-version":[{"id":4892,"href":"https:\/\/cirzem.pl\/index.php\/wp-json\/wp\/v2\/pages\/4884\/revisions\/4892"}],"wp:attachment":[{"href":"https:\/\/cirzem.pl\/index.php\/wp-json\/wp\/v2\/media?parent=4884"}],"curies":[{"name":"wp","href":"https:\/\/api.w.org\/{rel}","templated":true}]}}