{"id":4537,"date":"2023-02-02T09:03:52","date_gmt":"2023-02-02T08:03:52","guid":{"rendered":"https:\/\/cirzem.pl\/?page_id=4537"},"modified":"2023-02-02T14:16:05","modified_gmt":"2023-02-02T13:16:05","slug":"ceidg","status":"publish","type":"page","link":"https:\/\/cirzem.pl\/index.php\/promocja-gospodarcza\/ceidg\/","title":{"rendered":"CEIDG"},"content":{"rendered":"\n<p>Zgodnie z art. 44 ust. 1 pkt 8 <strong><a href=\"https:\/\/prod.ceidg.gov.pl\/ceidg.cms.engine\/?F;6058eb9a-f1be-4174-b1d8-e4d4ecd4a0bd\">ustawy o Centralnej Ewidencji i Informacji o Dzia\u0142alno\u015bci Gospodarczej i Punkcie Informacji dla Przedsi\u0119biorcy<\/a>,<\/strong> CEIDG udost\u0119pnia nast\u0119puj\u0105ce informacje o przedsi\u0119biorcach i innych podmiotach w zakresie:<\/p>\n\n\n\n<ol class=\"wp-block-list\">\n<li>uzyskania i utraty kwalifikacji zawodowych potwierdzonych dyplomem mistrza lub &nbsp;&nbsp; \u015bwiadectwem czeladniczym, o kt\u00f3rym mowa w<strong> <a href=\"https:\/\/sip.legalis.pl\/document-view.seam?documentId=mfrxilrtg4ytenbvgm3tiltqmfyc4nbtgqzdimbxge\">&nbsp;3 ust. 1 pkt 2 i 3<\/a> <\/strong>ustawy&nbsp; z dnia 22 marca 1989 r. o rzemio\u015ble, wydanym przez izb\u0119 rzemie\u015blnicz\u0105.<\/li>\n<\/ol>\n\n\n\n<p>Informacje te s\u0105 przekazywane do CEIDG przez izby rzemie\u015blnicze:<\/p>\n\n\n\n<ol class=\"wp-block-list\" start=\"2\">\n<li>W przypadku os\u00f3b, kt\u00f3re przyst\u0119puj\u0105c do egzaminu mistrz\/czeladnik s\u0105 ju\u017c przedsi\u0119biorcami:<\/li>\n<\/ol>\n\n\n\n<ul class=\"wp-block-list\">\n<li>dopisanie informacji w zakresie posiadanych przez przedsi\u0119biorc\u0119 kwalifikacjach rzemie\u015blniczych ma charakter obligatoryjny,&nbsp;&nbsp;&nbsp;&nbsp;&nbsp;&nbsp;&nbsp;&nbsp;&nbsp;&nbsp;&nbsp;&nbsp;&nbsp;&nbsp;&nbsp;<\/li>\n\n\n\n<li>przedsi\u0119biorcy przyst\u0119puj\u0105c do egzaminu mistrzowskiego lub czeladniczego b\u0119d\u0105 zobowi\u0105zani poinformowa\u0107 we wniosku o dopuszczenie do egzaminu o fakcie posiadania wpisu w CEIDG,&nbsp;&nbsp;&nbsp;&nbsp;&nbsp;&nbsp;&nbsp;&nbsp;&nbsp;&nbsp;<\/li>\n\n\n\n<li>izba rzemie\u015blnicza w terminie 14 dni roboczych od dnia uzyskania dyplomu mistrza lub \u015bwiadectwa czeladniczego za po\u015brednictwem CEIDG dopisze informacje do wpisu przedsi\u0119biorcy w CEIDG za po\u015brednictwem formularza dost\u0119pnego na stronie CEIDG.<\/li>\n<\/ul>\n\n\n\n<ol class=\"wp-block-list\" start=\"3\">\n<li>W przypadku os\u00f3b, kt\u00f3re uzyska\u0142y tytu\u0142 mistrza lub czeladnika przed 10.2020 oraz prowadz\u0105 dzia\u0142alno\u015b\u0107 gospodarcz\u0105 oraz os\u00f3b, kt\u00f3re uzyska\u0142y tytu\u0142 mistrza\/czeladnika przed dniem rozpocz\u0119cia dzia\u0142alno\u015bci gospodarczej wskazanej w CEIDG:<\/li>\n<\/ol>\n\n\n\n<ul class=\"wp-block-list\">\n<li>informacje w zakresie posiadanych przez przedsi\u0119biorc\u0119 kwalifikacjach rzemie\u015blniczych jest dokonywane wy\u0142\u0105cznie wtedy, gdy przedsi\u0119biorca wyst\u0105pi z wnioskiem o dopisanie informacji do wpisu w CEIDG,&nbsp;&nbsp;&nbsp;&nbsp;&nbsp;&nbsp;&nbsp;&nbsp;<\/li>\n\n\n\n<li>izba rzemie\u015blnicza weryfikuje wniosek w terminie 14 dni od dnia jego wp\u0142ywu,&nbsp;&nbsp;&nbsp;&nbsp;&nbsp;&nbsp;&nbsp;&nbsp;&nbsp;&nbsp;&nbsp;&nbsp;&nbsp;<\/li>\n\n\n\n<li>w przypadku pozytywnej weryfikacji izba rzemie\u015blnicza przekazuje dane do CEIDG,&nbsp;&nbsp;&nbsp;&nbsp;&nbsp;&nbsp;&nbsp;<\/li>\n\n\n\n<li>izba rzemie\u015blnicza mo\u017ce wnioskodawc\u0119 zawiadomi\u0107 o konieczno\u015bci uzupe\u0142nienia wniosku, okre\u015blaj\u0105c termin jego uzupe\u0142nienia,&nbsp;&nbsp;&nbsp;&nbsp;<\/li>\n\n\n\n<li>wniosek nieuzupe\u0142niony w terminie pozostawia si\u0119 bez rozpoznania,&nbsp;&nbsp;&nbsp;&nbsp;&nbsp;&nbsp;&nbsp;&nbsp;&nbsp;&nbsp;&nbsp;&nbsp;&nbsp;<\/li>\n\n\n\n<li>w przypadku negatywnego wyniku weryfikacji izba rzemie\u015blnicza informuje wnioskodawc\u0119 o przyczynach odmowy przekazania danych do CEIDG<\/li>\n<\/ul>\n\n\n\n<p><strong>Wnioski prosimy sk\u0142ada\u0107 osobi\u015bcie lub listownie na adres:<\/strong><br>Cz\u0119stochowska Izba Rzemios\u0142a i Przedsi\u0119biorczo\u015bci<br>Al. Ko\u015bciuszki 6<br>42-200 Cz\u0119stochowa<br>z dopiskiem: wniosek do CEIDG<\/p>\n\n\n\n<p><strong>Prawid\u0142owo z\u0142o\u017cony komplet dokument\u00f3w musi zawiera\u0107:<\/strong><br><strong>1) uzupe\u0142niony wniosek o przekazanie do CEIDG informacji w zakresie uzyskania i utraty kwalifikacji zawodowych wynikaj\u0105cych z dyplomu mistrzowskiego lub \u015bwiadectwa czeladniczego,<\/strong><br><strong>2) kopi\u0119 dyplomu mistrzowskiego lub \u015bwiadectwa czeladniczego,<\/strong><br><strong>3) kopi\u0119 aktu ma\u0142\u017ce\u0144stwa (dotyczy przypadk\u00f3w os\u00f3b, kt\u00f3re zmieni\u0142y nazwisko)<\/strong>.<\/p>\n\n\n\n<p>Rol\u0119 administratora kont sprawuje Departament Ma\u0142ych i \u015arednich Przedsi\u0119biorstw w Ministerstwie Rozwoju.<\/p>\n\n\n\n<p><strong><a href=\"https:\/\/ir.katowice.pl\/wp-content\/uploads\/2021\/08\/Wniosek_o_wpis_kwalifikacji_zawo-Copy-1-1.pdf\">Wniosek o wpis kwalifikacji zawodowych do CEIDG \u2013<\/a><\/strong> obowi\u0105zuje od 1 pa\u017adziernika 2020 roku<\/p>\n","protected":false},"excerpt":{"rendered":"<p>Zgodnie z art. 44 ust. 1 pkt 8 ustawy o Centralnej Ewidencji i Informacji o Dzia\u0142alno\u015bci Gospodarczej i Punkcie Informacji dla Przedsi\u0119biorcy, CEIDG udost\u0119pnia nast\u0119puj\u0105ce informacje o przedsi\u0119biorcach i innych podmiotach w zakresie: Informacje te s\u0105 przekazywane do CEIDG przez izby rzemie\u015blnicze: Wnioski prosimy sk\u0142ada\u0107 osobi\u015bcie lub listownie na adres:Cz\u0119stochowska Izba Rzemios\u0142a i Przedsi\u0119biorczo\u015bciAl. Ko\u015bciuszki [&hellip;]<\/p>\n","protected":false},"author":3,"featured_media":0,"parent":4086,"menu_order":3,"comment_status":"closed","ping_status":"closed","template":"","meta":{"footnotes":""},"class_list":["post-4537","page","type-page","status-publish","hentry"],"_links":{"self":[{"href":"https:\/\/cirzem.pl\/index.php\/wp-json\/wp\/v2\/pages\/4537","targetHints":{"allow":["GET"]}}],"collection":[{"href":"https:\/\/cirzem.pl\/index.php\/wp-json\/wp\/v2\/pages"}],"about":[{"href":"https:\/\/cirzem.pl\/index.php\/wp-json\/wp\/v2\/types\/page"}],"author":[{"embeddable":true,"href":"https:\/\/cirzem.pl\/index.php\/wp-json\/wp\/v2\/users\/3"}],"replies":[{"embeddable":true,"href":"https:\/\/cirzem.pl\/index.php\/wp-json\/wp\/v2\/comments?post=4537"}],"version-history":[{"count":2,"href":"https:\/\/cirzem.pl\/index.php\/wp-json\/wp\/v2\/pages\/4537\/revisions"}],"predecessor-version":[{"id":4594,"href":"https:\/\/cirzem.pl\/index.php\/wp-json\/wp\/v2\/pages\/4537\/revisions\/4594"}],"up":[{"embeddable":true,"href":"https:\/\/cirzem.pl\/index.php\/wp-json\/wp\/v2\/pages\/4086"}],"wp:attachment":[{"href":"https:\/\/cirzem.pl\/index.php\/wp-json\/wp\/v2\/media?parent=4537"}],"curies":[{"name":"wp","href":"https:\/\/api.w.org\/{rel}","templated":true}]}}