{"id":4088,"date":"2021-02-01T12:45:23","date_gmt":"2021-02-01T11:45:23","guid":{"rendered":"https:\/\/cirzem.pl\/?page_id=4088"},"modified":"2025-12-11T12:48:34","modified_gmt":"2025-12-11T11:48:34","slug":"czlonkowie-czestochowskiej-izby-rzemiosla-i-przedsiebiorczosci","status":"publish","type":"page","link":"https:\/\/cirzem.pl\/index.php\/czlonkowie-czestochowskiej-izby-rzemiosla-i-przedsiebiorczosci\/","title":{"rendered":"Cz\u0142onkowie Cz\u0119stochowskiej Izby Rzemios\u0142a i Przedsi\u0119biorczo\u015bci"},"content":{"rendered":"<p>[vc_row][vc_column][vc_custom_heading text=&#8221;Cz\u0142onkowie Cz\u0119stochowskiej Izby Rzemios\u0142a i Przedsi\u0119biorczo\u015bci&#8221; font_container=&#8221;tag:h3|font_size:38px|text_align:left|color:%230a0a0a&#8221; css=&#8221;.vc_custom_1612179908413{margin-bottom: 20px !important;}&#8221;][vc_column_text]<\/p>\n<h3><strong>Bran\u017ca spo\u017cywcza:<\/strong><\/h3>\n<p>[\/vc_column_text][vc_column_text][\/vc_column_text][vc_column_text]<\/p>\n<h3><strong>Cukiernik \/ Piekarz:<\/strong><\/h3>\n<p>[\/vc_column_text][vc_column_text]Zak\u0142ad Cukierniczy \u201eJa\u0142owiec\u201d s.c.<br \/>\nAl. NMP 43<br \/>\n42-200 Cz\u0119stochowa<br \/>\ntel.: 798 261 975<br \/>\n<a href=\"http:\/\/www.jalowiec.eu\/\">http:\/\/www.jalowiec.eu\/<\/a>[\/vc_column_text][vc_column_text]Zak\u0142ad Cukierniczy \u201eJa\u0142owiec\u201d s.c.<br \/>\nAl. NMP 43<br \/>\n42-200 Cz\u0119stochowa<br \/>\ntel.: 798 261 975<br \/>\n<a href=\"http:\/\/www.jalowiec.eu\/\">http:\/\/www.jalowiec.eu\/<\/a>[\/vc_column_text][vc_column_text]Zak\u0142ad Cukierniczy \u201eMICHA\u015a\u201d sp. j.<br \/>\nul. Pu\u0142askiego 123<br \/>\n42-217 Cz\u0119stochowa<br \/>\ntel.: 34\u00a0361 22 11<br \/>\n34 361-55-77<br \/>\n<a href=\"http:\/\/www.michas.com.pl\">www.michas.com.pl<\/a>[\/vc_column_text][vc_column_text]Cukiernictwo Piekarstwo<br \/>\nMRM KOZ\u0141OWSCY s.c.<br \/>\nMarek Koz\u0142owski<br \/>\nul. Kaszubska 43<br \/>\n42-200 Cz\u0119stochowa<br \/>\ntel.: 34 362 85 67[\/vc_column_text][vc_column_text]Zak\u0142ad Piekarniczo \u2013 Cukierniczy Artur Kryk<br \/>\nul. \u015aw. Barbary 80<br \/>\n42-200 Cz\u0119stochowa<br \/>\ntel.: 34 374 06 26<br \/>\n<a href=\"http:\/\/piekarniaarto.pl\/\">http:\/\/piekarniaarto.pl\/<\/a>[\/vc_column_text][vc_column_text]Zak\u0142ad Piekarniczo \u2013 Cukierniczy Robert Rybak<br \/>\nul. Cz\u0119stochowska 110 A<br \/>\n42-270 K\u0142omnice<br \/>\ntel.: 34 328 10 10[\/vc_column_text][vc_column_text]PIEKARNIA s.c.<br \/>\nul. S\u0142owackiego 120<br \/>\n42-300 Myszk\u00f3w<br \/>\ntel.: 34\u00a0313 95 64[\/vc_column_text][vc_column_text]Zak\u0142ad Masarski \u201eWI\u0118CEK\u201dsp.j. (w\u0119dliniarstwo)<br \/>\nPsary, ul. Kopernika 6<br \/>\n42-287 Lubsza<br \/>\ntel.: 34 357 90 37<br \/>\n<a href=\"https:\/\/zmwiecek.pl\/kontakt\/\">https:\/\/zmwiecek.pl\/<\/a>[\/vc_column_text][vc_column_text]<\/p>\n<h3><strong>Kucharz:<\/strong><\/h3>\n<p>[\/vc_column_text][vc_column_text]Gospodarstwo Agroturystyczne \u201eNIEZAPOMINAJKA\u201d (gastronomia)<br \/>\nul. B\u0142onie 1<br \/>\n42-270 Garnek<br \/>\ntel.: 508\u00a0957 611<br \/>\ntel.: 509\u00a0828\u00a0024<br \/>\ne-mail: <a href=\"mailto:agroniezapominajka@wp.pl\">agroniezapominajka@wp.pl<\/a><br \/>\n<a href=\"http:\/\/www.agroniezapominajka.pl\">www.agroniezapominajka.pl<\/a>[\/vc_column_text][vc_column_text]<span class=\"text-company-name font-semibold lg:company-name lg:font-normal\">ZBIGNIEW NODZY\u0143SKI Przedsi\u0119biorstwo Gastronomiczno-Us\u0142ugowe &#8222;Mil-Pat&#8221;<br \/>\nul. Jaskrowska 14\\20<br \/>\n42-202 Cz\u0119stochowa<br \/>\ntel.: <span class=\"customer-info-detail\"><span class=\"detail-text\">601 888 342<\/span><\/span><br \/>\n<\/span><a href=\"https:\/\/www.studnia.czest.pl\/\">https:\/\/www.studnia.czest.pl\/<\/a>[\/vc_column_text][vc_column_text]Restauracja \u201eTORRA\u201d<br \/>\nRoman Radecki,<br \/>\nul Rac\u0142awicka 2<br \/>\n42-200 Cz\u0119stochowa<br \/>\ntel.: 34 361 02 52[\/vc_column_text][vc_column_text]Firma gastronomiczna \u201eBEST PIZZA&#8221;<br \/>\nTomasz Mastalerz<br \/>\nul. Mazowiecka 84\/90 lok. II<br \/>\n42-200 Cz\u0119stochowa<br \/>\ntel.: 531445877[\/vc_column_text][vc_column_text]Restauracja Aleja 57<br \/>\nAl. NMP 57<br \/>\n42-200 Cz\u0119stochowa<br \/>\nSzymon Szec\u00f3wka<br \/>\ntel.: 722\u00a0254\u00a0590[\/vc_column_text][vc_column_text]Firma gastronomiczna \u201eSJESTA&#8221;<br \/>\nDariusz Klekowski<br \/>\nul. Waszyngtona 20<br \/>\n42-200 Cz\u0119stochowa<br \/>\ntel.: 515896434[\/vc_column_text][vc_column_text]Restauracja &#8222;LE\u015aNY&#8221;<br \/>\nJacek Rakowski<br \/>\nul. K\u00fchna 45<br \/>\n42-256 Olsztyn<br \/>\ntel.: 667162871[\/vc_column_text][vc_column_text]Restauracja &#8222;Setka \u2013 Bistro&#8221;<br \/>\nul. Nowowiejskiego 2<br \/>\n42-200 Cz\u0119stochowa<br \/>\nPiotr Ziental<br \/>\ntel.: 796 966 466[\/vc_column_text][vc_column_text]Restauracja &#8222;AMARO DE SA&#8221;<br \/>\nDaniel Prysak<br \/>\nul. marsz. E. Rydza-\u015amig\u0142ego 36\/38<br \/>\n42-200 Cz\u0119stochowa<br \/>\ntel.: 792 677\u00a0560[\/vc_column_text][vc_column_text]Restauracja \u201eA N\u00f3\u017c Widelec\u201d<br \/>\nAleksandra Polita\u0144ska<br \/>\nAl. NMP 50<br \/>\n42-200 Cz\u0119stochowa<br \/>\ntel.: 798\u00a0397 994[\/vc_column_text][vc_column_text]<\/p>\n<h3><strong>Fryzjer:<\/strong><\/h3>\n<p>[\/vc_column_text][vc_column_text]Zak\u0142ad Fryzjerski \u201eMariola\u201d Maria Nosalik<br \/>\nul. Lwowska 198<br \/>\n42-200 Cz\u0119stochowa<br \/>\ntel.: 503 152\u00a0537[\/vc_column_text][vc_column_text]Studio Fryzjerskie \u201eSILVER\u201d<br \/>\nAnna Socha<br \/>\nAl. Wojska Polskiego 124<br \/>\n42-202 Cz\u0119stochowa<br \/>\ntel.: 501 784\u00a0481[\/vc_column_text][vc_column_text]Salon Fryzjerski \u201eMINISTERSTWO URODY\u2019<br \/>\nIlona Sil<br \/>\nul. Pi\u0119kna 5<br \/>\n42-200 Cz\u0119stochowa<br \/>\ntel.: 502 282\u00a0513<br \/>\n<a href=\"http:\/\/ministerstwo-urody.eu\/\">http:\/\/ministerstwo-urody.eu\/<\/a>[\/vc_column_text][vc_column_text]\u201eSalon przy Parku\u201d<br \/>\nKatarzyna Bajor<br \/>\nul. 3 Maja 14, lok. 2<br \/>\n42-217 Cz\u0119stochowa<br \/>\ntel.: 692\u00a0256\u00a0313[\/vc_column_text][vc_column_text]Salon Fryzjerski \u201eAVANTI\u201d<br \/>\nMarzena D\u0105browska<br \/>\nJaskr\u00f3w, ul. Cz\u0119stochowska 127<br \/>\n42-244 Mst\u00f3w<br \/>\ntel.: 34 321 60 60[\/vc_column_text][vc_column_text]Salon Fryzjerski \u201eFRYZJERSTWO DAMSKO &#8211; M\u0118SKIE\u00a0 EMILIA NOSZCZYK \u201d<br \/>\nEmilia Noszczyk<br \/>\nCz\u0119stochowa , ul. Niepodleg\u0142o\u015bci 39<br \/>\n42- 200 Cz\u0119stochowa<br \/>\ntel.: 693-027-456[\/vc_column_text][vc_column_text]SALON FRYZJERSKI GAWRO\u0143SCY Monika Gawro\u0144ska<br \/>\nAl. Ko\u015bciuszki 25<br \/>\n42-200 Cz\u0119stochowa<br \/>\ntel.: 34\u00a0360 64 24<br \/>\ne-mail: <a href=\"mailto:salon@fryzjerstwo-gawronscy.pl\">salon@fryzjerstwo-gawronscy.pl<\/a><br \/>\n<a href=\"https:\/\/fryzjerstwo-gawronscy.pl\/\">https:\/\/fryzjerstwo-gawronscy.pl\/<\/a>[\/vc_column_text][vc_column_text]Salon Pi\u0119kno\u015bci \u201eMOTYL\u201d<br \/>\nBarbara Motyl<br \/>\nul. Ch\u0142opska 16<br \/>\n42-217 Cz\u0119stochowa<br \/>\ntel.: 34\u00a0325 66 66<br \/>\n<a href=\"https:\/\/motyl.halo24.pl\/kontakt\">https:\/\/motyl.halo24.pl\/kontakt<\/a>[\/vc_column_text][vc_column_text]STUDIO FRYZUR \u201eKameleon\u201d<br \/>\nMariusz Perczak<br \/>\nul. Zapolskiej 5<br \/>\n42-200 Cz\u0119stochowa<br \/>\ntel.: 34\u00a0372 44 44<br \/>\n<a href=\"http:\/\/www.studiofryzur.czest.pl\/\">http:\/\/www.studiofryzur.czest.pl\/<\/a>[\/vc_column_text][vc_column_text]STUDIO FRYZJERSKIE \u201eSTYL\u201d Monika Szulc- Kokot<br \/>\nAl. NMP 21<br \/>\n42-200 Cz\u0119stochowa<br \/>\ntel.: 34 366 43 96<br \/>\n<a href=\"https:\/\/www.szulc-kokot.pl\/\">https:\/\/www.szulc-kokot.pl\/<\/a>[\/vc_column_text][vc_column_text]Zak\u0142ad Fryzjerski Damsko \u2013 M\u0119ski<br \/>\nTeresa Orlikowska<br \/>\nul. Nowowiejskiego 26<br \/>\n42-217 Cz\u0119stochowa<br \/>\ntel.: 34 324 66 91[\/vc_column_text][vc_column_text]Salon Fryzjersko &#8211; Kosmetyczny \u201eUroda\u201d Dorota W\u00f3jcicka<br \/>\nul. D\u0105browskiego 18\/5<br \/>\n42-200 Cz\u0119stochowa<br \/>\ntel.: 34 324 44 40[\/vc_column_text][vc_column_text]Salon Fryzjerski Anna Rze\u017aniczek<br \/>\nul. \u015al\u0105ska 118<br \/>\n42-261 Rudnik Ma\u0142y<br \/>\ntel.: 602 426\u00a0209[\/vc_column_text][vc_column_text]Studio fryzur \u201ePi\u0119kno Twoich W\u0142os\u00f3w\u201d Anita Kawacz<br \/>\nul. Jasnog\u00f3rska 46\/13<br \/>\n42-200 Cz\u0119stochowa<br \/>\ntel.: 606 861\u00a0661[\/vc_column_text][vc_column_text]Zak\u0142ad Fryzjerski Irena Reterska<br \/>\nul. <span id=\"MainContentForm_lblPlaceOfBusinessAddress\">Stra\u017cacka 8\/12<\/span><br \/>\n42-207 Cz\u0119stochowa<br \/>\ntel.: 34 363 57 51[\/vc_column_text][vc_column_text]Salon fryzjerski Marzena Sarna<br \/>\nul. Okupnicka 7<br \/>\n42-242\u00a0 R\u0119dziny<br \/>\ntel.: 34 327 94 71[\/vc_column_text][vc_column_text]Salon \u201eUroda\u201d Fryzjerstwo Damsko \u2013 M\u0119skie<br \/>\nul. Rzeczna 8 b<br \/>\n42-242 Brzeziny \u2013 Kolonia<br \/>\ntel.: 793 577 272[\/vc_column_text][vc_column_text]Studio Fryzur Barbara i Piotr Lada<br \/>\nul. Armii Krajowej 16\/28<br \/>\n42-360 Poraj<br \/>\ntel.: 605 530\u00a0372[\/vc_column_text][vc_column_text]Strefa Fryzur Monika Szewczyk<br \/>\nul. Micha\u0142owskiego 10<br \/>\n42-200 Cz\u0119stochowa<br \/>\ntel.: 663 777\u00a0307[\/vc_column_text][vc_column_text]Studio Fryzjerskie \u201eJERZY\u201d Jerzy Zielonka<br \/>\nul. D\u0105browskiego 3<br \/>\n42-200 Cz\u0119stochowa<br \/>\ntel.: 34 344 72 86<br \/>\ne-mail: <a href=\"mailto:studiojzbiuro@gmail.com\">studiojzbiuro@gmail.com<\/a><br \/>\n<a href=\"http:\/\/www.jerzyzielonka.pl\">www.jerzyzielonka.pl<\/a>[\/vc_column_text][vc_column_text]SPINKA ATELIER FRYZJERSKIE Kinga Wydmuch<br \/>\nul. D\u0105browskiego 4<br \/>\n42-202 Cz\u0119stochowa<br \/>\ntel.: 791 772\u00a0552[\/vc_column_text][vc_column_text]Warsztat Fryzury Urszula W\u0142odarczyk<br \/>\nAl. Jana Paw\u0142a II 86\/88<br \/>\n42-200 Cz\u0119stochowa<br \/>\ntel.: 609 077\u00a0130[\/vc_column_text][vc_column_text]Micha\u0142 M\u0119drzyk \u201eHAIR STYLE FASHION\u201d<br \/>\nul. Pocztowa 57<br \/>\n42-270 K\u0142omnice<br \/>\ntel.: 503 399\u00a0045[\/vc_column_text][vc_column_text]Salon fryzjerski &#8222;Hair &amp; Beauty&#8221;<br \/>\nAnna Ka\u015bk\u00f3w<br \/>\nul. Bohater\u00f3w Katynia 59<br \/>\n42-208 Cz\u0119stochowa<br \/>\ntel.: 512 115\u00a0531[\/vc_column_text][vc_column_text]Studio Fryzjerskie K&amp;M Kamil Kowalski<br \/>\nul. Pi\u0142sudskiego 3<br \/>\n42-200 Cz\u0119stochowa<br \/>\ntel.: 34 307 08 60[\/vc_column_text][vc_column_text]Zak\u0142ad Fryzjerski \u201cKREATOS\u201d Kalina Krawczyk<br \/>\nAleja Wyzwolenia 8<br \/>\n42-200 Cz\u0119stochowa<br \/>\ntel.: 602 632\u00a0029[\/vc_column_text][vc_column_text]Firma Us\u0142ugowa \u201eSILVER\u201d Sylwia Bawor<br \/>\nul. Obro\u0144c\u00f3w Westerplatte 21<br \/>\n42-200 Cz\u0119stochowa<br \/>\ntel.: 505 489\u00a0633[\/vc_column_text][vc_column_text]Zak\u0142ad Fryzjerski \u201eDOROTA\u201d Dorota Gradzik<br \/>\nul. Krakowska 26 B<br \/>\n42-200 Cz\u0119stochowa<br \/>\ntel.: 506 100\u00a0826[\/vc_column_text][vc_column_text]P. H. U. \u201eTOP hair\u201d Magdalena Mrozik<br \/>\nul. Jasnog\u00f3rska 108\/3<br \/>\n42-200 Cz\u0119stochowa<br \/>\ntel.: 34 324 51 07[\/vc_column_text][vc_column_text]Zak\u0142ad Fryzjerski Aneta Ploch<br \/>\nul. Wr\u0119czycka 80<br \/>\n42-130 Nowa Szarlejka<br \/>\ntel.: 34 317 00 73[\/vc_column_text][vc_column_text]Salon Fryzjerski \u00a0Hartwich Violetta<br \/>\nul. G\u00f3rnicza 3A<br \/>\n42-360 Poraj<br \/>\ntel.: 503\u00a0158\u00a0680[\/vc_column_text][vc_column_text]ATELIER PI\u0118KNA Bo\u017cena Matyszkiewicz<br \/>\nul. \u0141\u0119czycka 58<br \/>\n42-200 Cz\u0119stochowa<br \/>\ntel.: 34 366 64 23[\/vc_column_text][vc_column_text]Studio Fryzjersko \u2013 Kosmetyczne \u201eGRACJA\u201d<br \/>\nAl. Niepodleg\u0142o\u015bci 48<br \/>\n42-200 Cz\u0119stochowa<br \/>\ntel.: 34 366 33 83[\/vc_column_text][vc_column_text]Salon Fryzjerski \u201eGALERIA PI\u0118KNA \u017bAN\u201d,<br \/>\nul. Wawrzynowicza 8 lok. 12<br \/>\n42-200 Cz\u0119stochowa<br \/>\ntel.: 517 795\u00a0775[\/vc_column_text][vc_column_text]HAIR DESIGN Anna G\u00f3rska<br \/>\nul. \u015bw. Brata Alberta 103 A<br \/>\n42-200 Cz\u0119stochowa<br \/>\ntel.: 606 651\u00a0182[\/vc_column_text][vc_column_text]Salon Fryzjerski \u201eBEATA\u201d Beata Po\u0142cik<br \/>\nul. Mickiewicza 24<br \/>\n42-230 Koniecpol<br \/>\n883\u00a0480\u00a0885[\/vc_column_text][vc_column_text]Salon Fryzjerski \u201eGRA\u017bYNA\u201d<br \/>\nGra\u017cyna Nowak<br \/>\nul. Pu\u017caka 4<br \/>\n42-200 Cz\u0119stochowa<br \/>\ntel.: 797735376[\/vc_column_text][vc_column_text]Salon Fryzjerski\u00a0 \u201eAP HAIR BEAUTY\u201d Anita P\u0142uska<br \/>\nAl. N. M. P. 12 c<br \/>\n42-200 Cz\u0119stochowa<br \/>\ntel.: 727\u00a0696 989[\/vc_column_text][vc_column_text]&#8221;A&amp;A HAIR BEAUTY&#8221;\u00a0 Angelika\u00a0Wi\u00f3rkiewicz<br \/>\nul. Boh. Katynia 25A paw. 6<br \/>\n42-200 Cz\u0119stochowa<br \/>\ntel.: 530\u00a0404\u00a0563[\/vc_column_text][vc_column_text]Katarzyna Budzik Salon Fryzjerski<br \/>\nAl. Wolno\u015bci 48<br \/>\n42-200 Cz\u0119stochowa<br \/>\ntel.: 724519762[\/vc_column_text][vc_column_text]Zak\u0142ad Fryzjerski \u201eStyLOVE W\u0142osy\u201d Magdalena Krawczyk<br \/>\nTruskolasy, ul. Cmentarna, nr 1, 42-134 Wr\u0119czyca Wielka<br \/>\ntel.: 667 233 286[\/vc_column_text][vc_column_text]Zak\u0142ad Fryzjerski \u201eATELIER FRYZUR\u201d Agata Matyszczak<br \/>\nAl. Aleja Jana Paw\u0142a II, nr 56, lok. 58<br \/>\n42-200 Cz\u0119stochowa<br \/>\ntel.: 535\u00a0013\u00a0034[\/vc_column_text][vc_column_text]STUDIO FRYZJERSKIE I KOSMETYCZNE &#8222;WIKTORIA&#8221; B\u0142a\u017cej Adamus<br \/>\nul. Jerzego Waszyngtona 46<br \/>\n42-200 Cz\u0119stochowa<br \/>\ntel.: 535\u00a0450\u00a0535[\/vc_column_text][vc_column_text]Salon Fryzjerski \u201eAlter Ego\u201d<br \/>\nPaulina Opala<br \/>\nul. Kili\u0144skiego 16\/16<br \/>\n42-200 Cz\u0119stochowa<br \/>\ntel.: 790\u00a0593\u00a0153[\/vc_column_text][vc_column_text]Studio Fryzjerskie<br \/>\nLidia Klimczyk<br \/>\nAl. Ko\u015bciuszki 23<br \/>\n42-200 Cz\u0119stochowa<br \/>\ntel.: 605 438 153[\/vc_column_text][vc_column_text]Salon Fryzjerski &#8222;Magiczne W\u0142osy&#8221;<br \/>\nAngelika Jarczok<br \/>\nul. D\u0105browskiego 17\/5<br \/>\n42-200 Cz\u0119stochowa<br \/>\ntel.: 723 310 055[\/vc_column_text][vc_column_text]Pracownia Fryzur Paulina Furgali\u0144ska<br \/>\nul. 7 Kamienic 7b<br \/>\n42-200 Cz\u0119stochowa<br \/>\ntel.: 601169646[\/vc_column_text][vc_column_text]Pracownia Oberski Dominik Oberski<br \/>\nul. Elsnera 3\/1LU<br \/>\n42-200 Cz\u0119stochowa<br \/>\ntel.: 793 321 999[\/vc_column_text][vc_column_text]AKADEMIA FRYZUR<br \/>\nKlaudia Zbro\u017cek<br \/>\nAl. N.M.P\u00a0 3<br \/>\n42-200 Cz\u0119stochowa<br \/>\ntel.: 888 757 127[\/vc_column_text][vc_column_text]<\/p>\n<h3><strong>Bran\u017ca metalowa:<\/strong><\/h3>\n<p>[\/vc_column_text][vc_column_text]Zak\u0142ad \u015alusarsko- Kowalski Produkcja-Us\u0142ugi Krzysztof Szczepa\u0144ski (\u015blusarstwo)<br \/>\nul. Senatorska 40<br \/>\n46-320 Praszka<br \/>\ntel.: 34\u00a0359 10 38[\/vc_column_text][vc_column_text]<\/p>\n<div class=\"text\"><b>Z.P.H.U. Warmet <\/b>Zbigniew Wawrzak (\u015blusarstwo)<br \/>\nul. Fabryczna\u00a0 4<br \/>\n42-242 R\u0119dziny<br \/>\ntel.:\u00a0 34 327 94 83, 604 275 113<br \/>\ne-mail: <a href=\"mailto:biuro@warmet.com.pl\">biuro@warmet.com.pl<\/a><\/div>\n<div><a href=\"https:\/\/warmet.com.pl\/\">https:\/\/warmet.com.pl\/<\/a><\/div>\n<div><\/div>\n<div><\/div>\n<p>[\/vc_column_text][vc_column_text]FPH \u201cMARMET\u201d Marek Szymczyk (\u015blusarstwo)<br \/>\nGarnek, ul. Klonowa 3<br \/>\n42-270 K\u0142omnice<br \/>\ntel.: 512 470 164[\/vc_column_text][vc_column_text]PPHU \u201eW&amp;W Design\u201d (z\u0142otnik-jubiler)<br \/>\nRados\u0142aw W\u00f3jcik<br \/>\nul. Nenckiego 9<br \/>\n42-200 Cz\u0119stochowa<br \/>\ntel.: 604\u00a0617\u00a0352<\/p>\n<p>&nbsp;[\/vc_column_text][vc_column_text][\/vc_column_text][vc_column_text]<\/p>\n<h3><strong>Bran\u017ca budowlana:<\/strong><\/h3>\n<p>[\/vc_column_text][vc_column_text]<\/p>\n<h3><strong>-monter sieci i instalacji sanitarnych<\/strong><\/h3>\n<p>[\/vc_column_text][vc_column_text]PUH \u201eInstad\u201d Tadeusz Krysiak (Instalatorstwo sanitarne)<br \/>\nZ\u0142ochowice, ul. Zielona 33<br \/>\n42-151 Wale\u0144cz\u00f3w<br \/>\nel.: 34 318 06 67[\/vc_column_text][vc_column_text]Roman Stefanek<br \/>\nHYDRO R.S.<br \/>\nul. Artyleryjska 4<br \/>\n42-200 Cz\u0119stochowa<br \/>\ntel.: 503\u00a0747\u00a0587[\/vc_column_text][vc_column_text]Firma \u201eECOPIECE\u201d Marcin Wolnik<br \/>\nul. Bohater\u00f3w Katynia 12<br \/>\n42-200 Cz\u0119stochowa<br \/>\ntel.: 691 950 595[\/vc_column_text][vc_column_text]Zak\u0142ad \u201eKada- Instal\u201d<br \/>\nMicha\u0142 Poks<br \/>\nul. Sosnowa 21<br \/>\n42-274 Aleksandria Druga<br \/>\ntel.: 724 474\u00a0418[\/vc_column_text][vc_column_text]Zak\u0142ad Us\u0142ugowo -Produkcyjno -Handlowy &#8222;Ko\u0142aczkowscy&#8221; s.c.<br \/>\nGrzegorz Ko\u0142aczkowski, Daniel Ko\u0142aczkowski, Pawe\u0142 Ko\u0142aczkowski<br \/>\nWidz\u00f3w, ul \u017bwirki i Wigury 35<br \/>\n42-282 Kruszyna<br \/>\ntel.: 607 754\u00a0670[\/vc_column_text][vc_column_text]Instalatorstwo sanitarne, grzewcze i gazowe &#8222;HYDRO-SERWIS&#8221;<br \/>\nFilip Przysta\u0144ski<br \/>\nul. Warszawska 36\/6<br \/>\n42-200 Cz\u0119stochowa<br \/>\ntel.: 503\u00a0122\u00a0150[\/vc_column_text][vc_column_text]<\/p>\n<h3><strong>-dekarz<\/strong><\/h3>\n<p>[\/vc_column_text][vc_column_text]<span style=\"font-size: 11.0pt; color: black;\">Us\u0142ugi Strzecharskie &#8222;COM_DACH&#8221; Import- Eksport <\/span><span style=\"font-size: 11.0pt; color: black;\">Marian Jamrozik<br \/>\n<\/span><span style=\"font-size: 11.0pt; color: black;\">Podlesie 187<br \/>\n<\/span><span style=\"font-size: 11.0pt; color: black;\">42-235 Lel\u00f3w<br \/>\ntel.: 34 321 29 07<br \/>\n<\/span><span style=\"font-size: 11.0pt; color: black;\">e-mail: <a href=\"mailto:biuro@com-dach.pl\">biuro@com-dach.pl<\/a><br \/>\n<\/span><a href=\"http:\/\/com-dach.pl\/\">http:\/\/com-dach.pl\/<\/a>[\/vc_column_text][vc_column_text]<\/p>\n<h3><strong>-monter zabudowy i rob\u00f3t wyko\u0144czeniowych w budownictwie<\/strong><\/h3>\n<p>[\/vc_column_text][vc_column_text]Firma Budowlano-Wyko\u0144czeniowa \u201eMARIANO\u201d<br \/>\nMarcin Pi\u0105tek<br \/>\nul. \u015bw. Brata Alberta 103<br \/>\n42-200 Cz\u0119stochowa<br \/>\ntel.: 503 505\u00a0826[\/vc_column_text][vc_column_text]Dawid Kleszcz \u201eTw\u00f3j Malarz\u201d<br \/>\nDawid Kleszcz<br \/>\nul. \u017bwirowa 7<br \/>\n42-152 Opat\u00f3w<br \/>\ntel.: 664 014 610[\/vc_column_text][vc_column_text]Krzysztof Wojna \u201eKRIS BUD\u201d<br \/>\nKrasice, ul. Cmentarna 26<br \/>\n42-244 Mst\u00f3w<br \/>\ntel.: 506 600 367[\/vc_column_text][vc_column_text]Przedsi\u0119biorstwo Wielobran\u017cowe &#8222;EKO-BUD<br \/>\nin\u017c. Adam P\u0142aczkiewicz<br \/>\nul. Maczka 3 A<br \/>\n42-200 Cz\u0119stochowa<br \/>\ntel.: 501 654 584[\/vc_column_text][vc_column_text]<\/p>\n<h3><strong>-elektryk<\/strong><\/h3>\n<p>[\/vc_column_text][vc_column_text]PPHU \u201eAGG\u201d Andrzej Gazda (elektryk)<br \/>\nul. Podkolejowa 27<br \/>\n42-200 Cz\u0119stochowa<br \/>\ntel.: 602443175[\/vc_column_text][vc_column_text]<\/p>\n<h3><strong>Bran\u017ca motoryzacyjna<\/strong><\/h3>\n<p>[\/vc_column_text][vc_column_text]<\/p>\n<h3><strong>-mechanik pojazd\u00f3w samochodowych<\/strong><\/h3>\n<p>[\/vc_column_text][vc_column_text]AVAO Okr\u0119gowa Stacja Kontroli i Obs\u0142ugi Pojazd\u00f3w Maciej Gajda<br \/>\nul. Cz\u0119stochowska 101<br \/>\n42-244 Jaskr\u00f3w<br \/>\ntel.: 34 328 49 79<br \/>\ne-mail: <a href=\"mailto:serwis@avao.com.pl\">serwis@avao.com.pl<\/a><br \/>\n<a href=\"http:\/\/avao.com.pl\/\">http:\/\/avao.com.pl\/<\/a>[\/vc_column_text][vc_column_text]ZAK\u0141AD HANDLOWO-US\u0141UGOWY Piotr Sojda<br \/>\nSiedlec, ul. \u015aw. Ojca Pio 1<br \/>\n42-244 Mst\u00f3w<br \/>\ntel.: 668 409 936[\/vc_column_text][vc_column_text]STERN SERWIS Roman B\u0142asik<br \/>\nul. \u0141\u0105kowa 19A<br \/>\n42-262 POCZESNA<br \/>\ntel.: 601 522 855[\/vc_column_text][vc_column_text]\u201eEURO-MOTO\u201d Zbigniew Osiewacz<br \/>\nul. Ku\u017aniczka 144<br \/>\n42-160 Krzepice<br \/>\ntel.: 690 290 506[\/vc_column_text][vc_column_text]Zak\u0142ad \u201eAUTO-KLIMAT\u201d<br \/>\nMicha\u0142 Poks<br \/>\nWygoda 93<br \/>\n42-247 Konopiska<br \/>\ntel.: 695\u00a0995\u00a0581[\/vc_column_text][vc_column_text]<\/p>\n<h3><strong>-elektromechanik pojazd\u00f3w sam.\/mechanik pojazd\u00f3w sam.\/blacharz sam.\/lakiernik sam.<\/strong><\/h3>\n<p>[\/vc_column_text][vc_column_text]ZHU \u201eWIESIO\u0141EK\u201d<br \/>\nRenata Wiesio\u0142ek<br \/>\nZimnowoda 71<br \/>\n42-164 Lipie<br \/>\ntel.: 603\u00a0189 371[\/vc_column_text][vc_column_text]<\/p>\n<h3><strong>-blacharz samochodowy \/ lakiernik samochodowy<\/strong><\/h3>\n<p>[\/vc_column_text][vc_column_text]P.P.H.U. \u201ePOL &#8211; CARS\u201d<br \/>\nS\u0142awomir Janus<br \/>\nKonrad\u00f3w, ul. Wrzosowa 1A<br \/>\n42-290 Blachownia<br \/>\ntel.: 501\u00a0105 718[\/vc_column_text][\/vc_column][\/vc_row][vc_row][vc_column][\/vc_column][\/vc_row]<\/p>\n","protected":false},"excerpt":{"rendered":"<p>[vc_row][vc_column][vc_custom_heading text=&#8221;Cz\u0142onkowie Cz\u0119stochowskiej Izby Rzemios\u0142a i Przedsi\u0119biorczo\u015bci&#8221; font_container=&#8221;tag:h3|font_size:38px|text_align:left|color:%230a0a0a&#8221; css=&#8221;.vc_custom_1612179908413{margin-bottom: 20px !important;}&#8221;][vc_column_text] Bran\u017ca spo\u017cywcza: [\/vc_column_text][vc_column_text][\/vc_column_text][vc_column_text] Cukiernik \/ Piekarz: [\/vc_column_text][vc_column_text]Zak\u0142ad Cukierniczy \u201eJa\u0142owiec\u201d s.c. Al. NMP 43 42-200 Cz\u0119stochowa tel.: 798 261 975 http:\/\/www.jalowiec.eu\/[\/vc_column_text][vc_column_text]Zak\u0142ad Cukierniczy \u201eJa\u0142owiec\u201d s.c. Al. NMP 43 42-200 Cz\u0119stochowa tel.: 798 261 975 http:\/\/www.jalowiec.eu\/[\/vc_column_text][vc_column_text]Zak\u0142ad Cukierniczy \u201eMICHA\u015a\u201d sp. j. ul. Pu\u0142askiego 123 42-217 Cz\u0119stochowa tel.: 34\u00a0361 [&hellip;]<\/p>\n","protected":false},"author":3,"featured_media":0,"parent":0,"menu_order":0,"comment_status":"closed","ping_status":"closed","template":"","meta":{"footnotes":""},"class_list":["post-4088","page","type-page","status-publish","hentry"],"_links":{"self":[{"href":"https:\/\/cirzem.pl\/index.php\/wp-json\/wp\/v2\/pages\/4088","targetHints":{"allow":["GET"]}}],"collection":[{"href":"https:\/\/cirzem.pl\/index.php\/wp-json\/wp\/v2\/pages"}],"about":[{"href":"https:\/\/cirzem.pl\/index.php\/wp-json\/wp\/v2\/types\/page"}],"author":[{"embeddable":true,"href":"https:\/\/cirzem.pl\/index.php\/wp-json\/wp\/v2\/users\/3"}],"replies":[{"embeddable":true,"href":"https:\/\/cirzem.pl\/index.php\/wp-json\/wp\/v2\/comments?post=4088"}],"version-history":[{"count":48,"href":"https:\/\/cirzem.pl\/index.php\/wp-json\/wp\/v2\/pages\/4088\/revisions"}],"predecessor-version":[{"id":5396,"href":"https:\/\/cirzem.pl\/index.php\/wp-json\/wp\/v2\/pages\/4088\/revisions\/5396"}],"wp:attachment":[{"href":"https:\/\/cirzem.pl\/index.php\/wp-json\/wp\/v2\/media?parent=4088"}],"curies":[{"name":"wp","href":"https:\/\/api.w.org\/{rel}","templated":true}]}}