{"id":4069,"date":"2021-02-01T10:57:49","date_gmt":"2021-02-01T09:57:49","guid":{"rendered":"https:\/\/cirzem.pl\/?page_id=4069"},"modified":"2021-08-24T11:16:24","modified_gmt":"2021-08-24T09:16:24","slug":"procedura-legalizacji","status":"publish","type":"page","link":"https:\/\/cirzem.pl\/index.php\/procedura-legalizacji\/","title":{"rendered":"Procedura LEGALIZACJI"},"content":{"rendered":"<p>[vc_row][vc_column][vc_custom_heading text=&#8221;I etap Zwi\u0105zek Rzemios\u0142a Polskiego&#8221; font_container=&#8221;tag:h3|font_size:38px|text_align:left|color:%230a0a0a&#8221; css=&#8221;.vc_custom_1612175034570{margin-bottom: 20px !important;}&#8221;][vc_column_text]<\/p>\n<p align=\"left\">Odpowiedzialny w Zwi\u0105zku Rzemios\u0142a Polskiego &#8211; Zesp\u00f3\u0142 O\u015bwiaty Zawodowej i Problematyki Spo\u0142ecznej<\/p>\n<p align=\"left\">Adres siedziby (biura ZRP):<br \/>\nul. Miodowa 14, 00-246 Warszawa, tel. (48) 22 50-44-200, praca od poniedzia\u0142ku do pi\u0105tku w godz.8.oo-16.oo)<br \/>\nW Zwi\u0105zku Rzemios\u0142a Polskiego osoby upowa\u017cnione dokonuj\u0105 legalizacji\/uwierzytelnienia wy\u0142\u0105cznie dokument\u00f3w, wystawionych przez izby rzemie\u015blnicze tj<br \/>\n\u2022 \u015awiadectwo czeladnicze<br \/>\n\u2022 Dyplom mistrzowski<br \/>\n\u2022 Za\u015bwiadczenie o zdaniu egzaminu sprawdzaj\u0105cego<\/p>\n<p align=\"left\">Do legalizacji nale\u017cy przedstawi\u0107 wy\u0142\u0105cznie dokumenty oryginalne lub ich duplikaty.<br \/>\n1. Legalizacji\/uwierzytelnienia dokument\u00f3w w Zwi\u0105zku Rzemios\u0142a Polskiego mo\u017cna dokona\u0107: w biurze ZRP lub korespondencyjnie:<br \/>\n1) w biurze ZRP \u2013 osobiste dostarczenie dokument\u00f3w lub przez osob\u0119 trzeci\u0105 (nie wymagane s\u0105 dodatkowe upowa\u017cnienia) wraz z dowodem wp\u0142aty za legalizacj\u0119 &#8211; wydrukowane potwierdzenie wp\u0142aty na konto ZRP op\u0142aty skarbowej w wysoko\u015bci 26 z\u0142. <strong>(brak mo\u017cliwo\u015bci dokonania na miejscu)<\/strong>.<br \/>\nW tym przypadku telefonicznie nale\u017cy ustali\u0107 termin dostarczenia dokument\u00f3w: tel. (22) 5044 230 lub e-mail; zrp.@zrp.pl<br \/>\n2) przes\u0142anie korespondencyjnie \u2013 przes\u0142anie dokumentu poczt\u0105 na adres ZRP i do\u0142\u0105czenie nast\u0119puj\u0105cych za\u0142\u0105cznik\u00f3w:<br \/>\n&#8211; wype\u0142niony wniosek o legalizacj\u0119\/uwierzytelnienie <a href=\"https:\/\/cirzem.pl\/wp-content\/uploads\/2021\/08\/wniosek_2021.pdf\">wniosek o legalizacja (uwierzytelnienie) 2021 r.<\/a><br \/>\n&#8211; koperta z adresem zwrotnym<br \/>\n&#8211; kopia przelewu wymaganych op\u0142at (suma kwot) tj. op\u0142ata za legalizacj\u0119 w wysoko\u015bci 26,00 z\u0142 (Ustawa z dnia 16 listopada 2006 r. o op\u0142acie skarbowej, Dz. U. 2015 r. Nr 0, poz. 783 \u2013 Tabela II poz.5.) plus op\u0142ata za przesy\u0142k\u0119 polecon\u0105 wg stawek ze strony:<\/p>\n<p align=\"left\">https:\/\/cennik.pocztapolska.pl\/usluga,krajowy_przesylka_polecona.html (po 1 maja 2021 r. brak mo\u017cliwo\u015b\u0107 op\u0142acenia przesy\u0142ki poleconej znaczkami).<br \/>\nOp\u0142at\u0119 wnosi si\u0119 za ka\u017cdy po\u015bwiadczony dokument.<\/p>\n<p align=\"left\">2. P\u0142atno\u015b\u0107 dokonywana w Polsce<br \/>\nZwi\u0105zek Rzemios\u0142a Polskiego<br \/>\nul. Miodowa 14, 00-246 Warszawa<br \/>\nODDZIA\u0141 KORPORACYJNY WARSZAWA mBank S.A.<br \/>\nUL. KR\u00d3LEWSKA 14 00-950 WARSZAWA<br \/>\nNr konta: 16 1140 1010 0000 4859 7700 1001<\/p>\n<p align=\"left\">3. P\u0142atno\u015b\u0107 dokonywana z zagranicy:<br \/>\nZwi\u0105zek Rzemios\u0142a Polskiego<br \/>\nUl. Miodowa 14, 00-246 Warszawa 2<br \/>\nODDZIA\u0141 KORPORACYJNY WARSZAWA mBank S.A.<br \/>\nUL. KR\u00d3LEWSKA 14, 00-950 WARSZAWA<br \/>\nIBAN: PL 16 1140 1010 0000 4859 7700 1001<br \/>\nKod Swift: BREXPLPWWA1<\/p>\n<p align=\"left\">Po\u015bwiadczone dokumenty odsy\u0142ane s\u0105 poczt\u0105 bezpo\u015brednio do nadawcy, tak\u017ce za granic\u0119, pod warunkiem, \u017ce zosta\u0142a do\u0142\u0105czona zaadresowana koperta zwrotna oraz op\u0142ata za przesy\u0142k\u0119 zwrotn\u0105 przekazana na w\/w konto ZRP. W innym przypadku dokument b\u0119dzie oczekiwa\u0142 na osobiste odebranie z biura ZRP.<br \/>\nZwi\u0105zek Rzemios\u0142a Polskiego nie przesy\u0142a dokument\u00f3w do Ministerstwa Spraw Zagranicznych.<\/p>\n<p>[\/vc_column_text][vc_custom_heading text=&#8221;II etap \u2013 MINISTERSTWO SPRAW ZAGRANICZNYCH&#8221; font_container=&#8221;tag:h3|font_size:38px|text_align:left|color:%230a0a0a&#8221; css=&#8221;.vc_custom_1612175093615{margin-bottom: 20px !important;}&#8221;][vc_column_text]<\/p>\n<p align=\"left\">Po\u015bwiadczone przez Zwi\u0105zek Rzemios\u0142a Polskiego: \u015awiadectwo czeladnicze, Dyplom mistrzowski lub Za\u015bwiadczenie o zdaniu egzaminu sprawdzaj\u0105cego przedstawia si\u0119 w Referacie ds. Legalizacji Ministerstwa Spraw Zagranicznych, kt\u00f3ry wystawia za\u0142\u0105cznik pn. \u201eAPOSTILLE\u201d:<br \/>\nAdres: Referat ds. Legalizacji, Ministerstwo Spraw Zagranicznych<br \/>\nul. Krucza 38\/42 00-512 Warszawa<\/p>\n<p align=\"left\">Obs\u0142uga interesant\u00f3w: od poniedzia\u0142ku do pi\u0105tku w godz. 9:00-14:00.<br \/>\ntel. (48) 22 523 98 45, (48) 22 250 01 16, e-mail: legalizacja@msz.gov.pl<\/p>\n<p align=\"left\">W MSZ legalizacji\/uwierzytelnienia dokument\u00f3w (uzyskanie APOSTILE) mo\u017cna dokona\u0107: osobi\u015bcie lub korespondencyjnie:<br \/>\n1) osobi\u015bcie &#8211; osobiste lub przez osob\u0119 trzeci\u0105 (nie wymagane s\u0105 dodatkowe upowa\u017cnienia) dostarczenie dokumentu do biura Referatu, wraz z wnioskiem o dokonanie legalizacji i uzyskanie APOSTILLE nale\u017cy przedstawi\u0107 wydrukowane potwierdzenie dokonania op\u0142aty. Wysoko\u015b\u0107 op\u0142aty za wystawienie APOSTILLE wynosi 60 z\u0142. \u2013 kraje UE (podstawa prawna: Ustawa z dnia 16 listopada 2006 r. o op\u0142acie skarbowej, Dz. U. 2015 r. Nr 0, poz. 783 \u2013Tabela II. poz.6). Op\u0142at\u0119 wnosi si\u0119 za ka\u017cdy po\u015bwiadczony dokument. brak mo\u017cliwo\u015bci wniesienia op\u0142aty na miejscu.<br \/>\n2) korespondencyjnie \u2013 przes\u0142anie poczt\u0105 dokumentu na w\/w adres Referatu ds. Legalizacji wraz z wnioskiem o dokonanie legalizacji i uzyskanie APOSTILLE oraz potwierdzeniem uiszczenia w\u0142a\u015bciwej op\u0142aty.<br \/>\nWysoko\u015b\u0107 op\u0142aty za wystawienie APOSTILLE wynosi 60 z\u0142. \u2013 kraje UE (podstawa prawna: Ustawa z dnia 16 listopada 2006 r. o op\u0142acie skarbowej, Dz. U. 2015 r. Nr 0, poz. 783). Op\u0142at\u0119 wnosi si\u0119 za ka\u017cdy po\u015bwiadczony dokument.<\/p>\n<p align=\"left\">Op\u0142at\u0119 skarbow\u0105 nale\u017cy wnosi\u0107 na rachunek bankowy:<br \/>\nCentrum Obs\u0142ugi Podatnika: 21 1030 1508 0000 0005 5000 0070<br \/>\nDla p\u0142atno\u015bci z zagranicy:<br \/>\n\u2022 SWIFT CODE: CITIPLPX,<br \/>\n\u2022 IBAN: PL21 1030 1508 0000 0005 5000 0070<\/p>\n<p align=\"left\">Szczeg\u00f3\u0142owe informacje dost\u0119pne s\u0105 na stronie Ministerstwa Spraw Zagranicznych https:\/\/www.gov.pl\/web\/dyplomacja\/apostille.<\/p>\n<p>[\/vc_column_text][\/vc_column][\/vc_row]<\/p>\n","protected":false},"excerpt":{"rendered":"<p>[vc_row][vc_column][vc_custom_heading text=&#8221;I etap Zwi\u0105zek Rzemios\u0142a Polskiego&#8221; font_container=&#8221;tag:h3|font_size:38px|text_align:left|color:%230a0a0a&#8221; css=&#8221;.vc_custom_1612175034570{margin-bottom: 20px !important;}&#8221;][vc_column_text] Odpowiedzialny w Zwi\u0105zku Rzemios\u0142a Polskiego &#8211; Zesp\u00f3\u0142 O\u015bwiaty Zawodowej i Problematyki Spo\u0142ecznej Adres siedziby (biura ZRP): ul. Miodowa 14, 00-246 Warszawa, tel. (48) 22 50-44-200, praca od poniedzia\u0142ku do pi\u0105tku w godz.8.oo-16.oo) W Zwi\u0105zku Rzemios\u0142a Polskiego osoby upowa\u017cnione dokonuj\u0105 legalizacji\/uwierzytelnienia wy\u0142\u0105cznie dokument\u00f3w, wystawionych przez izby [&hellip;]<\/p>\n","protected":false},"author":3,"featured_media":0,"parent":0,"menu_order":0,"comment_status":"closed","ping_status":"closed","template":"","meta":{"footnotes":""},"class_list":["post-4069","page","type-page","status-publish","hentry"],"_links":{"self":[{"href":"https:\/\/cirzem.pl\/index.php\/wp-json\/wp\/v2\/pages\/4069","targetHints":{"allow":["GET"]}}],"collection":[{"href":"https:\/\/cirzem.pl\/index.php\/wp-json\/wp\/v2\/pages"}],"about":[{"href":"https:\/\/cirzem.pl\/index.php\/wp-json\/wp\/v2\/types\/page"}],"author":[{"embeddable":true,"href":"https:\/\/cirzem.pl\/index.php\/wp-json\/wp\/v2\/users\/3"}],"replies":[{"embeddable":true,"href":"https:\/\/cirzem.pl\/index.php\/wp-json\/wp\/v2\/comments?post=4069"}],"version-history":[{"count":10,"href":"https:\/\/cirzem.pl\/index.php\/wp-json\/wp\/v2\/pages\/4069\/revisions"}],"predecessor-version":[{"id":4262,"href":"https:\/\/cirzem.pl\/index.php\/wp-json\/wp\/v2\/pages\/4069\/revisions\/4262"}],"wp:attachment":[{"href":"https:\/\/cirzem.pl\/index.php\/wp-json\/wp\/v2\/media?parent=4069"}],"curies":[{"name":"wp","href":"https:\/\/api.w.org\/{rel}","templated":true}]}}