{"id":4065,"date":"2023-04-14T10:32:19","date_gmt":"2023-04-14T08:32:19","guid":{"rendered":"https:\/\/cirzem.pl\/?page_id=4065"},"modified":"2023-04-17T09:17:49","modified_gmt":"2023-04-17T07:17:49","slug":"terminy-egzaminow","status":"publish","type":"page","link":"https:\/\/cirzem.pl\/index.php\/terminy-egzaminow\/","title":{"rendered":"Terminy egzamin\u00f3w"},"content":{"rendered":"<p>[vc_row][vc_column][vc_custom_heading text=&#8221;Terminy egzamin\u00f3w&#8221; font_container=&#8221;tag:h3|font_size:38px|text_align:left|color:%230a0a0a&#8221; css=&#8221;.vc_custom_1612172083749{margin-bottom: 20px !important;}&#8221;][vc_column_text]\n<table id=\"tablepress-1\" class=\"tablepress tablepress-id-1\">\n<tbody class=\"row-hover\">\n<tr class=\"row-1 odd\">\n\t<td class=\"column-1\">fryzjer (cz\u0119\u015b\u0107 praktyczna i teoretyczna)<\/td><td class=\"column-2\">07.04.2026 r. (wtorek)<\/td><td class=\"column-3\">godz. 8:00<\/td><td class=\"column-4\">ZSZ w Lubli\u0144cu<\/td>\n<\/tr>\n<tr class=\"row-2 even\">\n\t<td class=\"column-1\">cukiernik<br \/>\npiekarz<\/td><td class=\"column-2\">13.04.2026 r. (wtorek)<\/td><td class=\"column-3\">godz. 15:00<\/td><td class=\"column-4\">ZSZ w Lubli\u0144cu<\/td>\n<\/tr>\n<tr class=\"row-3 odd\">\n\t<td class=\"column-1\">mechanik pojazd\u00f3w samochodowych<\/td><td class=\"column-2\">09.04.2026 r. (czwartek)<\/td><td class=\"column-3\">godz. 15:00<\/td><td class=\"column-4\">ZSZ w Lubli\u0144cu<\/td>\n<\/tr>\n<tr class=\"row-4 even\">\n\t<td class=\"column-1\">mechanik pojazd\u00f3w samochodwych<\/td><td class=\"column-2\">15.04.2026 r. (\u015broda)<\/td><td class=\"column-3\">godz. 15:00<\/td><td class=\"column-4\">ZSZ w Lubli\u0144cu<\/td>\n<\/tr>\n<tr class=\"row-5 odd\">\n\t<td class=\"column-1\">stolarz<br \/>\n<br \/>\n<\/td><td class=\"column-2\">07.04.2026 r. (wtorek)<br \/>\n<\/td><td class=\"column-3\">godz. 15:00<\/td><td class=\"column-4\">ZSZ w Lubli\u0144cu<\/td>\n<\/tr>\n<tr class=\"row-6 even\">\n\t<td class=\"column-1\">elektryk<\/td><td class=\"column-2\">17.04.2026 r. (pi\u0105tek)<\/td><td class=\"column-3\">godz. 15:00<\/td><td class=\"column-4\">ZSZ w Lubli\u0144cu<\/td>\n<\/tr>\n<tr class=\"row-7 odd\">\n\t<td class=\"column-1\">fryzjer<br \/>\n(cz\u0119\u015b\u0107 praktyczna)<br \/>\n<\/td><td class=\"column-2\">19.05.2026 r.  (wtorek)<\/td><td class=\"column-3\">godz. 8:00    GRUPA  I<br \/>\ngodz. 13:00  GRUPA II<br \/>\n<\/td><td class=\"column-4\">Izba Cz\u0119stochowa<\/td>\n<\/tr>\n<tr class=\"row-8 even\">\n\t<td class=\"column-1\">cukiernik<br \/>\n<\/td><td class=\"column-2\">20.04.2026 r. (poniedzia\u0142ek)<\/td><td class=\"column-3\">godz. 10:00<\/td><td class=\"column-4\">Izba Cz\u0119stochowa<\/td>\n<\/tr>\n<tr class=\"row-9 odd\">\n\t<td class=\"column-1\">monter sieci <br \/>\ni instalacji sanitarnych<br \/>\n<\/td><td class=\"column-2\">21.05.2026 r. (czwartek)<\/td><td class=\"column-3\">godz. 10:00<\/td><td class=\"column-4\">Izba Cz\u0119stochowa<\/td>\n<\/tr>\n<tr class=\"row-10 even\">\n\t<td class=\"column-1\">stolarz<\/td><td class=\"column-2\">08.05.2026 r. (pi\u0105tek)<\/td><td class=\"column-3\">godz. 10:00<\/td><td class=\"column-4\">Izba Cz\u0119stochowa<\/td>\n<\/tr>\n<tr class=\"row-11 odd\">\n\t<td class=\"column-1\">fryzjer<br \/>\n(cz\u0119\u015b\u0107  teoretyczna)<br \/>\n<\/td><td class=\"column-2\">25.05.2026 r. (poniedzia\u0142ek)<\/td><td class=\"column-3\">godz. 8:00    GRUPA  I<br \/>\ngodz. 13:00  GRUPA II<br \/>\n<\/td><td class=\"column-4\">Izba Cz\u0119stochowa<\/td>\n<\/tr>\n<tr class=\"row-12 even\">\n\t<td class=\"column-1\">mechanik pojazd\u00f3w samochodowych<\/td><td class=\"column-2\">27.05.2026 r. (\u015broda)<\/td><td class=\"column-3\">godz. 10:00<\/td><td class=\"column-4\">Izba Cz\u0119stochowa<\/td>\n<\/tr>\n<tr class=\"row-13 odd\">\n\t<td class=\"column-1\">mechanik pojazd\u00f3w samochodwych<\/td><td class=\"column-2\">29.04.2026 r. (\u015broda)<\/td><td class=\"column-3\">godz. 10:00<\/td><td class=\"column-4\">Izba Cz\u0119stochowa<\/td>\n<\/tr>\n<tr class=\"row-14 even\">\n\t<td class=\"column-1\">\u015blusarz<\/td><td class=\"column-2\">11.05.2026 r. (poniedzia\u0142ek)<\/td><td class=\"column-3\">godz. 10:00<\/td><td class=\"column-4\">Izba Cz\u0119stochowa<\/td>\n<\/tr>\n<tr class=\"row-15 odd\">\n\t<td class=\"column-1\">elektromechanik pojazd\u00f3w samochodowych<\/td><td class=\"column-2\">24.04.2026 r. (pi\u0105tek)<\/td><td class=\"column-3\">godz. 10:00<\/td><td class=\"column-4\">Izba Cz\u0119stochowa<\/td>\n<\/tr>\n<tr class=\"row-16 even\">\n\t<td class=\"column-1\">fotograf<\/td><td class=\"column-2\">06.05.2026 r. (pi\u0105tek)<\/td><td class=\"column-3\">godz. 10:00<\/td><td class=\"column-4\">Izba Cz\u0119stochowa<\/td>\n<\/tr>\n<tr class=\"row-17 odd\">\n\t<td class=\"column-1\">przetw\u00f3rca mi\u0119sa<\/td><td class=\"column-2\">29.05.2026 r. (pi\u0105tek)<\/td><td class=\"column-3\">godz. 10:00<\/td><td class=\"column-4\">Izba Cz\u0119stochowa<\/td>\n<\/tr>\n<tr class=\"row-18 even\">\n\t<td class=\"column-1\">monter zabudowy <br \/>\ni rob\u00f3t wyk. w bud.<br \/>\nblacharz<br \/>\nmurarz - tynkarz<br \/>\nbetoniarz - zbrojarz<br \/>\ndekarz<br \/>\n<\/td><td class=\"column-2\">15.05.2026 r. (pi\u0105tek)<\/td><td class=\"column-3\">godz. 10:00<\/td><td class=\"column-4\">Izba Cz\u0119stochowa<\/td>\n<\/tr>\n<tr class=\"row-19 odd\">\n\t<td class=\"column-1\">lakiernik samochodowy<br \/>\nblacharz samochodowy<br \/>\n<\/td><td class=\"column-2\">27.04.2026 r. (poniedzia\u0142ek)<\/td><td class=\"column-3\">godz. 10:00<\/td><td class=\"column-4\">Izba Cz\u0119stochowa<\/td>\n<\/tr>\n<tr class=\"row-20 even\">\n\t<td class=\"column-1\">kucharz<br \/>\nkelner<\/td><td class=\"column-2\">13.05.2026 r. (\u015broda)<\/td><td class=\"column-3\">godz. 10:00<\/td><td class=\"column-4\">Izba Cz\u0119stochowa<\/td>\n<\/tr>\n<tr class=\"row-21 odd\">\n\t<td class=\"column-1\">elektromechanik<\/td><td class=\"column-2\">22.04.2026 r. (\u015broda)<\/td><td class=\"column-3\">godz. 10:00<\/td><td class=\"column-4\">Izba Cz\u0119stochowa<\/td>\n<\/tr>\n<\/tbody>\n<\/table>\n<!-- #tablepress-1 from cache -->[\/vc_column_text][\/vc_column][\/vc_row]<\/p>\n","protected":false},"excerpt":{"rendered":"<p>[vc_row][vc_column][vc_custom_heading text=&#8221;Terminy egzamin\u00f3w&#8221; font_container=&#8221;tag:h3|font_size:38px|text_align:left|color:%230a0a0a&#8221; css=&#8221;.vc_custom_1612172083749{margin-bottom: 20px !important;}&#8221;][vc_column_text][\/vc_column_text][\/vc_column][\/vc_row]<\/p>\n","protected":false},"author":3,"featured_media":0,"parent":0,"menu_order":0,"comment_status":"closed","ping_status":"closed","template":"","meta":{"footnotes":""},"class_list":["post-4065","page","type-page","status-publish","hentry"],"_links":{"self":[{"href":"https:\/\/cirzem.pl\/index.php\/wp-json\/wp\/v2\/pages\/4065","targetHints":{"allow":["GET"]}}],"collection":[{"href":"https:\/\/cirzem.pl\/index.php\/wp-json\/wp\/v2\/pages"}],"about":[{"href":"https:\/\/cirzem.pl\/index.php\/wp-json\/wp\/v2\/types\/page"}],"author":[{"embeddable":true,"href":"https:\/\/cirzem.pl\/index.php\/wp-json\/wp\/v2\/users\/3"}],"replies":[{"embeddable":true,"href":"https:\/\/cirzem.pl\/index.php\/wp-json\/wp\/v2\/comments?post=4065"}],"version-history":[{"count":2,"href":"https:\/\/cirzem.pl\/index.php\/wp-json\/wp\/v2\/pages\/4065\/revisions"}],"predecessor-version":[{"id":4068,"href":"https:\/\/cirzem.pl\/index.php\/wp-json\/wp\/v2\/pages\/4065\/revisions\/4068"}],"wp:attachment":[{"href":"https:\/\/cirzem.pl\/index.php\/wp-json\/wp\/v2\/media?parent=4065"}],"curies":[{"name":"wp","href":"https:\/\/api.w.org\/{rel}","templated":true}]}}