{"id":4053,"date":"2021-02-01T09:28:59","date_gmt":"2021-02-01T08:28:59","guid":{"rendered":"https:\/\/cirzem.pl\/?page_id=4053"},"modified":"2021-02-01T10:30:50","modified_gmt":"2021-02-01T09:30:50","slug":"oplaty","status":"publish","type":"page","link":"https:\/\/cirzem.pl\/index.php\/oplaty\/","title":{"rendered":"Op\u0142aty"},"content":{"rendered":"<p>[vc_row][vc_column][vc_custom_heading text=&#8221;Op\u0142aty&#8221; font_container=&#8221;tag:h3|font_size:38px|text_align:left|color:%230a0a0a&#8221; css=&#8221;.vc_custom_1612167910227{margin-bottom: 20px !important;}&#8221;][vc_column_text]\n<table id=\"tablepress-2\" class=\"tablepress tablepress-id-2\">\n<tbody class=\"row-hover\">\n<tr class=\"row-1 odd\">\n\t<td class=\"column-1\">egzamin czeladniczy<\/td><td class=\"column-2\">1040,52 z\u0142<\/td>\n<\/tr>\n<tr class=\"row-2 even\">\n\t<td class=\"column-1\">egzamin czeladniczy poprawkowy<\/td><td class=\"column-2\">520,26 z\u0142<\/td>\n<\/tr>\n<tr class=\"row-3 odd\">\n\t<td class=\"column-1\">egzamin mistrzowski<\/td><td class=\"column-2\">2081,05 z\u0142<\/td>\n<\/tr>\n<tr class=\"row-4 even\">\n\t<td class=\"column-1\">egzamin mistrzowski poprawkowy<\/td><td class=\"column-2\">1040,53 z\u0142<\/td>\n<\/tr>\n<tr class=\"row-5 odd\">\n\t<td class=\"column-1\">egzamin sprawdzaj\u0105cy<\/td><td class=\"column-2\">371,60 z\u0142<\/td>\n<\/tr>\n<tr class=\"row-6 even\">\n\t<td class=\"column-1\">wydanie duplikatu dyplomu mistrzowskiego \/ \u015bwiadectwa czeladniczego<\/td><td class=\"column-2\">26,00 z\u0142<\/td>\n<\/tr>\n<tr class=\"row-7 odd\">\n\t<td class=\"column-1\">za przed\u0142u\u017cenie lub skr\u00f3cenie nauki zawodu m\u0142odocianych pracownik\u00f3w odbywaj\u0105cych przygotowanie zawodowe \u2013 do 3 miesi\u0119cy<\/td><td class=\"column-2\">30,00 z\u0142<\/td>\n<\/tr>\n<tr class=\"row-8 even\">\n\t<td class=\"column-1\">za przed\u0142u\u017cenie lub skr\u00f3cenie nauki zawodu m\u0142odocianych pracownik\u00f3w odbywaj\u0105cych przygotowanie zawodowe \u2013 powy\u017cej 3 miesi\u0119cy<\/td><td class=\"column-2\">60,00 z\u0142<\/td>\n<\/tr>\n<tr class=\"row-9 odd\">\n\t<td class=\"column-1\">za wystawienie ozdobnych dyplom\u00f3w mistrzowskich<\/td><td class=\"column-2\">150,00 z\u0142<\/td>\n<\/tr>\n<tr class=\"row-10 even\">\n\t<td class=\"column-1\"><\/td><td class=\"column-2\"><\/td>\n<\/tr>\n<tr class=\"row-11 odd\">\n\t<td class=\"column-1\">Wp\u0142aty prosz\u0119 uiszcza\u0107 na konto bankowe Cz\u0119stochowskiej Izby Rzemios\u0142a i Przedsi\u0119biorczo\u015bci w Cz\u0119stochowie<\/td><td class=\"column-2\">ING Bank \u015al\u0105ski S.A. O\/Cz\u0119stochowa <br \/>\n05 1050 1142 1000 0005 0162 8051<\/td>\n<\/tr>\n<\/tbody>\n<\/table>\n<!-- #tablepress-2 from cache -->[\/vc_column_text][\/vc_column][\/vc_row]<\/p>\n","protected":false},"excerpt":{"rendered":"<p>[vc_row][vc_column][vc_custom_heading text=&#8221;Op\u0142aty&#8221; font_container=&#8221;tag:h3|font_size:38px|text_align:left|color:%230a0a0a&#8221; css=&#8221;.vc_custom_1612167910227{margin-bottom: 20px !important;}&#8221;][vc_column_text][\/vc_column_text][\/vc_column][\/vc_row]<\/p>\n","protected":false},"author":3,"featured_media":0,"parent":0,"menu_order":0,"comment_status":"closed","ping_status":"closed","template":"","meta":{"footnotes":""},"class_list":["post-4053","page","type-page","status-publish","hentry"],"_links":{"self":[{"href":"https:\/\/cirzem.pl\/index.php\/wp-json\/wp\/v2\/pages\/4053","targetHints":{"allow":["GET"]}}],"collection":[{"href":"https:\/\/cirzem.pl\/index.php\/wp-json\/wp\/v2\/pages"}],"about":[{"href":"https:\/\/cirzem.pl\/index.php\/wp-json\/wp\/v2\/types\/page"}],"author":[{"embeddable":true,"href":"https:\/\/cirzem.pl\/index.php\/wp-json\/wp\/v2\/users\/3"}],"replies":[{"embeddable":true,"href":"https:\/\/cirzem.pl\/index.php\/wp-json\/wp\/v2\/comments?post=4053"}],"version-history":[{"count":4,"href":"https:\/\/cirzem.pl\/index.php\/wp-json\/wp\/v2\/pages\/4053\/revisions"}],"predecessor-version":[{"id":4064,"href":"https:\/\/cirzem.pl\/index.php\/wp-json\/wp\/v2\/pages\/4053\/revisions\/4064"}],"wp:attachment":[{"href":"https:\/\/cirzem.pl\/index.php\/wp-json\/wp\/v2\/media?parent=4053"}],"curies":[{"name":"wp","href":"https:\/\/api.w.org\/{rel}","templated":true}]}}