{"id":4036,"date":"2021-02-01T00:56:17","date_gmt":"2021-01-31T23:56:17","guid":{"rendered":"https:\/\/cirzem.pl\/?page_id=4036"},"modified":"2024-12-09T11:07:46","modified_gmt":"2024-12-09T10:07:46","slug":"egzamin-sprawdzajacy","status":"publish","type":"page","link":"https:\/\/cirzem.pl\/index.php\/egzamin-sprawdzajacy\/","title":{"rendered":"Egzamin sprawdzaj\u0105cy"},"content":{"rendered":"<p>[vc_row][vc_column][vc_custom_heading text=&#8221;Warunki dopuszczenia do egzaminu sprawdzaj\u0105cego&#8221; font_container=&#8221;tag:h3|font_size:38px|text_align:left|color:%230a0a0a&#8221; css=&#8221;.vc_custom_1612137103143{margin-bottom: 20px !important;}&#8221;][vc_column_text]<strong>M\u0141ODOCIANY PRACOWNIK<\/strong><\/p>\n<p>Warunki dopuszczenia do egzaminu sprawdzaj\u0105cego okre\u015bla Uchwa\u0142a Nr 11 Zarz\u0105du Zwi\u0105zku Rzemios\u0142a Polskiego z dnia 10 wrze\u015bnia 2003 r. znak:NO-I-130\/ES\/03 \u2013 w sprawie: egzamin\u00f3w sprawdzaj\u0105cych przeprowadzanych po zako\u0144czeniu przyuczenia do wykonywania okre\u015blonej pracy (podj\u0119ta na podstawie art. 7 ust. 5 pkt. 5 oraz art. 12 ust. 4 ustawy z dnia 22 marca 1989r. o rzemio\u015ble (Dz.U. z 2002r. Nr 112, poz.979 z p\u00f3\u017a. zm.) i \u00a7 16 rozporz\u0105dzenia Rady Ministr\u00f3w z dnia 28 maja 1996r. w sprawie przygotowania zawodowego m\u0142odocianych i ich wynagradzania (Dz.U. Nr 60, poz. 278 z p\u00f3\u017an. zm.).<\/p>\n<p>Do egzaminu sprawdzaj\u0105cego Izba dopuszcza osob\u0119, kt\u00f3ra uko\u0144czy\u0142a przyuczenie do wykonywania okre\u015blonej pracy u rzemie\u015blnika i z\u0142o\u017cy nast\u0119puj\u0105ce dokumenty:<\/p>\n<ul>\n<li>umow\u0119 o prac\u0119 w celu przygotowania zawodowego w formie przyuczenia do wykonywania okre\u015blonej pracy,<\/li>\n<li>za\u015bwiadczenie pracodawcy potwierdzaj\u0105ce uko\u0144czenie przyuczenia z podaniem czasokresu, zakresu przyuczenia i potwierdzone przez cech,<\/li>\n<li>dowodu op\u0142aty egzaminacyjnej .<\/li>\n<\/ul>\n<p><strong>OSOBA DOROS\u0141A<\/strong><\/p>\n<p>Warunki dopuszczenia do egzaminu sprawdzaj\u0105cego okre\u015bla rozporz\u0105dzenie Ministra Edukacji Narodowej\u00a0z dnia 14 wrze\u015bnia 2012 r. \u00a0w sprawie egzaminu czeladniczego, \u00a0 egzaminu \u00a0 mistrzowskiego oraz egzaminu sprawdzaj\u0105cego, przeprowadzanych\u00a0\u00a0 przez\u00a0komisje\u00a0\u00a0 egzaminacyjne izb rzemie\u015blniczych (Dziennik Ustaw z 2012 r., pozycja 1117), kt\u00f3rego \u00a7 8 brzmi:<\/p>\n<p>Do egzaminu sprawdzaj\u0105cego dopuszcza si\u0119 osob\u0119, kt\u00f3ra uko\u0144czy\u0142a kszta\u0142cenie ustawiczne w formie pozaszkolnej z zakresu umiej\u0119tno\u015bci zawodowych wchodz\u0105cych w zakres zawodu, kt\u00f3rego dotyczy egzamin, oraz posiada za\u015bwiadczenie potwierdzaj\u0105ce uko\u0144czenie tej formy kszta\u0142cenia.[\/vc_column_text][vc_custom_heading text=&#8221;Struktura egzaminu sprawdzaj\u0105cego&#8221; font_container=&#8221;tag:h3|font_size:38px|text_align:left|color:%230a0a0a&#8221; css=&#8221;.vc_custom_1612137128863{margin-bottom: 20px !important;}&#8221;][vc_column_text]<strong>Egzamin sprawdzaj\u0105cy<\/strong>\u00a0sk\u0142ada si\u0119 z dw\u00f3ch cz\u0119\u015bci:<\/p>\n<ol>\n<li><strong>CZ\u0118\u015aCI PRAKTYCZNEJ<\/strong>\u00a0w postaci wykonania zadania praktycznego<\/li>\n<li><strong>CZ\u0118\u015aCI TEORETYCZNEJ<\/strong>\u00a0polegaj\u0105cej na udzieleniu ustnej odpowiedzi z zakresu bezpiecze\u0144stwa i higieny pracy, ochrony \u015brodowiska i teorii zawodowej, zwi\u0105zanych z wykonywaniem prac, kt\u00f3rych dotyczy\u0142o przyuczenie.<\/li>\n<\/ol>\n<p>Kandydat zg\u0142asza si\u0119 na ka\u017cdy etap egzaminu z dowodem osobistym lub innym dokumentem ze zdj\u0119ciem potwierdzaj\u0105cym jego to\u017csamo\u015b\u0107.<\/p>\n<p>Czas trwania cz\u0119\u015bci praktycznej egzaminu nie mo\u017ce by\u0107 d\u0142u\u017cszy ni\u017c 3 godziny. Etap praktyczny odbywa si\u0119 u pracodawc\u00f3w lub w warsztatach szkoleniowych.<\/p>\n<p>Cz\u0119\u015b\u0107 teoretyczna egzaminu odbywa si\u0119 w Cz\u0119stochowskiej Izbie Rzemios\u0142a i Przedsi\u0119biorczo\u015bci w Cz\u0119stochowie[\/vc_column_text][vc_custom_heading text=&#8221;Wymagane dokumenty do egzaminu sprawdzaj\u0105cego&#8221; font_container=&#8221;tag:h3|font_size:38px|text_align:left|color:%230a0a0a&#8221; css=&#8221;.vc_custom_1612137173127{margin-bottom: 20px !important;}&#8221;][vc_column_text]<strong>M\u0141ODOCIANY PRACOWNIK<\/strong><\/p>\n<ol>\n<li>Wniosek o dopuszczenie do egzaminu sprawdzaj\u0105cego<\/li>\n<li>Umowa o prac\u0119 w celu przygotowania zawodowego w formie przyuczenia do wykonywania okre\u015blonej pracy.<\/li>\n<li>Za\u015bwiadczenie pracodawcy potwierdzaj\u0105ce uko\u0144czenie przyuczenia z podaniem czasokresu oraz zakresu przyuczenia i potwierdzone przez cech.<\/li>\n<li>Potwierdzenie wniesienia op\u0142aty (op\u0142at\u0119 za egzamin mo\u017cna dokona\u0107 w kasie Izby lub na konto Cz\u0119stochowskiej\u00a0 Izby Rzemios\u0142a i Przedsi\u0119biorczo\u015bci).<\/li>\n<\/ol>\n<p><strong>OSOBA DOROS\u0141A<\/strong><\/p>\n<ol>\n<li>Wniosek o dopuszczenie do egzaminu<\/li>\n<li>Za\u015bwiadczenie uko\u0144czenia przygotowania zawodowego doros\u0142ych<\/li>\n<li>Umowa w sprawie realizacji przygotowania zawodowego doros\u0142ych.<\/li>\n<li>Potwierdzenie wniesienia op\u0142aty (op\u0142at\u0119 za egzamin mo\u017cna dokona\u0107 w kasie Izby lub na konto Cz\u0119stochowskiej\u00a0 Izby Rzemios\u0142a i Przedsi\u0119biorczo\u015bci).<\/li>\n<\/ol>\n<p>[\/vc_column_text][vc_custom_heading text=&#8221;Druki do pobrania egzaminu sprawdzaj\u0105cego&#8221; font_container=&#8221;tag:h3|font_size:38px|text_align:left|color:%230a0a0a&#8221; css=&#8221;.vc_custom_1612137238625{margin-bottom: 20px !important;}&#8221;][vc_column_text]<a href=\"https:\/\/cirzem.pl\/wp-content\/uploads\/2024\/12\/wniosek-egzmin-sprawdzajacy.pdf\">wniosek- egzamin-sprawdzaj\u0105cy<\/a><a href=\"https:\/\/cirzem.pl\/wp-content\/uploads\/2021\/02\/zaswiadczenie_ukonczenia_przyuczenia_do_wykonywania_okreslonej_pracy.pdf\">.pdf<\/a><\/p>\n<p><a href=\"https:\/\/cirzem.pl\/wp-content\/uploads\/2024\/12\/wniosek-sprawdzajacy.docx\">wniosek-egzamin-sprawdzajacy<\/a><\/p>\n<p><a href=\"https:\/\/cirzem.pl\/wp-content\/uploads\/2024\/12\/klauzula-informacyjna-w-zakresie-egzaminu-sprawdzajacego.pdf\">klauzula informacyjna w zakresie egzaminu sprawdzaj\u0105cego<\/a><\/p>\n<p><a href=\"https:\/\/cirzem.pl\/wp-content\/uploads\/2021\/02\/zaswiadczenie_ukonczenia_przyuczenia_do_wykonywania_okreslonej_pracy.pdf\">za\u015bwiadczenie_ukonczenia_przyuczenia_do_wykonywania_okreslonej_pracy<\/a><\/p>\n<p><a href=\"https:\/\/cirzem.pl\/wp-content\/uploads\/2024\/12\/zaswiadczenie-o-ukonczeniu-przygotowania-zawodowego-doroslych-1.pdf\">za\u015bwiadczenie o uko\u0144czeniu przygotowania zawodowego doros\u0142ych<\/a>.pdf[\/vc_column_text][\/vc_column][\/vc_row]<\/p>\n","protected":false},"excerpt":{"rendered":"<p>[vc_row][vc_column][vc_custom_heading text=&#8221;Warunki dopuszczenia do egzaminu sprawdzaj\u0105cego&#8221; font_container=&#8221;tag:h3|font_size:38px|text_align:left|color:%230a0a0a&#8221; css=&#8221;.vc_custom_1612137103143{margin-bottom: 20px !important;}&#8221;][vc_column_text]M\u0141ODOCIANY PRACOWNIK Warunki dopuszczenia do egzaminu sprawdzaj\u0105cego okre\u015bla Uchwa\u0142a Nr 11 Zarz\u0105du Zwi\u0105zku Rzemios\u0142a Polskiego z dnia 10 wrze\u015bnia 2003 r. znak:NO-I-130\/ES\/03 \u2013 w sprawie: egzamin\u00f3w sprawdzaj\u0105cych przeprowadzanych po zako\u0144czeniu przyuczenia do wykonywania okre\u015blonej pracy (podj\u0119ta na podstawie art. 7 ust. 5 pkt. 5 oraz art. [&hellip;]<\/p>\n","protected":false},"author":3,"featured_media":0,"parent":0,"menu_order":0,"comment_status":"closed","ping_status":"closed","template":"","meta":{"footnotes":""},"class_list":["post-4036","page","type-page","status-publish","hentry"],"_links":{"self":[{"href":"https:\/\/cirzem.pl\/index.php\/wp-json\/wp\/v2\/pages\/4036","targetHints":{"allow":["GET"]}}],"collection":[{"href":"https:\/\/cirzem.pl\/index.php\/wp-json\/wp\/v2\/pages"}],"about":[{"href":"https:\/\/cirzem.pl\/index.php\/wp-json\/wp\/v2\/types\/page"}],"author":[{"embeddable":true,"href":"https:\/\/cirzem.pl\/index.php\/wp-json\/wp\/v2\/users\/3"}],"replies":[{"embeddable":true,"href":"https:\/\/cirzem.pl\/index.php\/wp-json\/wp\/v2\/comments?post=4036"}],"version-history":[{"count":8,"href":"https:\/\/cirzem.pl\/index.php\/wp-json\/wp\/v2\/pages\/4036\/revisions"}],"predecessor-version":[{"id":4999,"href":"https:\/\/cirzem.pl\/index.php\/wp-json\/wp\/v2\/pages\/4036\/revisions\/4999"}],"wp:attachment":[{"href":"https:\/\/cirzem.pl\/index.php\/wp-json\/wp\/v2\/media?parent=4036"}],"curies":[{"name":"wp","href":"https:\/\/api.w.org\/{rel}","templated":true}]}}