{"id":4016,"date":"2021-02-01T00:37:46","date_gmt":"2021-01-31T23:37:46","guid":{"rendered":"https:\/\/cirzem.pl\/?page_id=4016"},"modified":"2021-02-01T00:37:46","modified_gmt":"2021-01-31T23:37:46","slug":"regulacje-prawne","status":"publish","type":"page","link":"https:\/\/cirzem.pl\/index.php\/regulacje-prawne\/","title":{"rendered":"Regulacje prawne"},"content":{"rendered":"<p>[vc_row][vc_column][vc_custom_heading text=&#8221;Regulacje prawne&#8221; font_container=&#8221;tag:h3|font_size:38px|text_align:left|color:%230a0a0a&#8221; css=&#8221;.vc_custom_1612134749234{margin-bottom: 20px !important;}&#8221;][vc_column_text]<a href=\"https:\/\/cirzem.pl\/wp-content\/uploads\/2021\/02\/Ustawa-z-dnia-22-marca-1989-r.-o-rzemiosle.pdf\" target=\"_blank\" rel=\"noopener\">Ustawa z dnia 22 marca 1989 r. o rzemio\u015ble<\/a><\/p>\n<p><a href=\"https:\/\/cirzem.pl\/wp-content\/uploads\/2021\/02\/Ustawa-z-dnia-26-czerwca-1974-r.-Kodeks-pracy-Dz.U.-1974-nr-24-poz.-141.pdf\" target=\"_blank\" rel=\"noopener\">Ustawa z dnia 26 czerwca 1974 r. Kodeks pracy Dz.U. 1974 nr 24 poz. 141<\/a><\/p>\n<p><a href=\"https:\/\/cirzem.pl\/wp-content\/uploads\/2021\/02\/Obwieszczenie-Marszalka-Sejmu-Rzeczypospolitej-Polskiej-z-dnia-17-wrzesnia-2014-r.-w-sprawie-ogloszenia-jednolitego-tekstu-ustawy-\u2013-Kodeks-pracy-Dz.U.-2014-poz.-1502.pdf\">Obwieszczenie Marsza\u0142ka Sejmu Rzeczypospolitej Polskiej z dnia 17 wrze\u015bnia 2014 r.w sprawie og\u0142oszenia jednolitego tekstu ustawy <\/a><\/p>\n<p><a href=\"https:\/\/cirzem.pl\/wp-content\/uploads\/2021\/02\/Rozporzadzenie-Ministra-Edukacji-Narodowej-z-dnia-15-grudnia-2010-r.-w-sprawie-praktycznej-nauki-zawodu-Dz.U.-2010-nr-244-poz.-1626.pdf\">Rozporz\u0105dzenie-Ministra-Edukacji-Narodowej-z-dnia-15-grudnia-2010-r.-w-sprawie-praktycznej-nauki-zawodu-Dz.U.-2010-nr-244-poz.-1626<\/a><\/p>\n<p><a href=\"https:\/\/cirzem.pl\/wp-content\/uploads\/2021\/02\/Rozporzadzenie-Ministra-Edukacji-Narodowej-z-dnia-14-wrzesnia-2012-r.-w-sprawie-egzaminu-czeladniczego-egzaminu-mistrzowskiego-oraz-egzaminu-sprawdzajacego-Dz.U.-2012-poz.-1117.pdf\">Rozporz\u0105dzenie-Ministra-Edukacji-Narodowej-z-dnia-14-wrze\u015bnia-2012-r.-w-sprawie-egzaminu-czeladniczego-egzaminu-mistrzowskiego-oraz-egzaminu-sprawdzaj\u0105cego-Dz.U.-2012-poz.-1117<\/a><\/p>\n<p><a href=\"https:\/\/cirzem.pl\/wp-content\/uploads\/2021\/02\/Rozporzadzenie-Ministra-Pracy-i-Polityki-Spolecznej-z-dnia-5-grudnia-2002-r.-w-sprawie-przypadkow-w-ktorych-wyjatkowo-jest-dopuszczalne-zatrudnianie-mlodocianych-Dz.U.-2002-nr-214-poz.-1808.pdf\">Rozporz\u0105dzenie-Ministra-Pracy-i-Polityki-Spo\u0142ecznej-z-dnia-5-grudnia-2002-r.-w-sprawie-przypadk\u00f3w-w-kt\u00f3rych-wyj\u0105tkowo-jest-dopuszczalne-zatrudnianie-m\u0142odocianych-Dz.U.-2002-nr-214-poz.-1808<\/a><\/p>\n<p><a href=\"https:\/\/cirzem.pl\/wp-content\/uploads\/2021\/02\/Rozporzadzenie-Ministra-Pracy-i-Polityki-Spolecznej-z-dnia-7-sierpnia-2014-r.-w-sprawie-klasyfikacji-zawodow-i-specjalnosci-na-potrzeby-rynku-pracy-oraz-zakresu-jej-stosowania-Dz.U.-2014-poz.-1145.pdf\">Rozporz\u0105dzenie-Ministra-Pracy-i-Polityki-Spo\u0142ecznej-z-dnia-7-sierpnia-2014-r.-w-sprawie-klasyfikacji-zawod\u00f3w-i-specjalno\u015bci-na-potrzeby-rynku-pracy-oraz-zakresu-jej-stosowania-Dz.U.-2014-poz.-1145<\/a>[\/vc_column_text][\/vc_column][\/vc_row]<\/p>\n","protected":false},"excerpt":{"rendered":"<p>[vc_row][vc_column][vc_custom_heading text=&#8221;Regulacje prawne&#8221; font_container=&#8221;tag:h3|font_size:38px|text_align:left|color:%230a0a0a&#8221; css=&#8221;.vc_custom_1612134749234{margin-bottom: 20px !important;}&#8221;][vc_column_text]Ustawa z dnia 22 marca 1989 r. o rzemio\u015ble Ustawa z dnia 26 czerwca 1974 r. Kodeks pracy Dz.U. 1974 nr 24 poz. 141 Obwieszczenie Marsza\u0142ka Sejmu Rzeczypospolitej Polskiej z dnia 17 wrze\u015bnia 2014 r.w sprawie og\u0142oszenia jednolitego tekstu ustawy Rozporz\u0105dzenie-Ministra-Edukacji-Narodowej-z-dnia-15-grudnia-2010-r.-w-sprawie-praktycznej-nauki-zawodu-Dz.U.-2010-nr-244-poz.-1626 Rozporz\u0105dzenie-Ministra-Edukacji-Narodowej-z-dnia-14-wrze\u015bnia-2012-r.-w-sprawie-egzaminu-czeladniczego-egzaminu-mistrzowskiego-oraz-egzaminu-sprawdzaj\u0105cego-Dz.U.-2012-poz.-1117 Rozporz\u0105dzenie-Ministra-Pracy-i-Polityki-Spo\u0142ecznej-z-dnia-5-grudnia-2002-r.-w-sprawie-przypadk\u00f3w-w-kt\u00f3rych-wyj\u0105tkowo-jest-dopuszczalne-zatrudnianie-m\u0142odocianych-Dz.U.-2002-nr-214-poz.-1808 Rozporz\u0105dzenie-Ministra-Pracy-i-Polityki-Spo\u0142ecznej-z-dnia-7-sierpnia-2014-r.-w-sprawie-klasyfikacji-zawod\u00f3w-i-specjalno\u015bci-na-potrzeby-rynku-pracy-oraz-zakresu-jej-stosowania-Dz.U.-2014-poz.-1145[\/vc_column_text][\/vc_column][\/vc_row]<\/p>\n","protected":false},"author":3,"featured_media":0,"parent":0,"menu_order":0,"comment_status":"closed","ping_status":"closed","template":"","meta":{"footnotes":""},"class_list":["post-4016","page","type-page","status-publish","hentry"],"_links":{"self":[{"href":"https:\/\/cirzem.pl\/index.php\/wp-json\/wp\/v2\/pages\/4016","targetHints":{"allow":["GET"]}}],"collection":[{"href":"https:\/\/cirzem.pl\/index.php\/wp-json\/wp\/v2\/pages"}],"about":[{"href":"https:\/\/cirzem.pl\/index.php\/wp-json\/wp\/v2\/types\/page"}],"author":[{"embeddable":true,"href":"https:\/\/cirzem.pl\/index.php\/wp-json\/wp\/v2\/users\/3"}],"replies":[{"embeddable":true,"href":"https:\/\/cirzem.pl\/index.php\/wp-json\/wp\/v2\/comments?post=4016"}],"version-history":[{"count":1,"href":"https:\/\/cirzem.pl\/index.php\/wp-json\/wp\/v2\/pages\/4016\/revisions"}],"predecessor-version":[{"id":4024,"href":"https:\/\/cirzem.pl\/index.php\/wp-json\/wp\/v2\/pages\/4016\/revisions\/4024"}],"wp:attachment":[{"href":"https:\/\/cirzem.pl\/index.php\/wp-json\/wp\/v2\/media?parent=4016"}],"curies":[{"name":"wp","href":"https:\/\/api.w.org\/{rel}","templated":true}]}}