{"id":4013,"date":"2021-01-29T10:16:14","date_gmt":"2021-01-29T09:16:14","guid":{"rendered":"https:\/\/cirzem.pl\/?page_id=4013"},"modified":"2024-12-09T11:09:31","modified_gmt":"2024-12-09T10:09:31","slug":"egzamin-czeladniczy","status":"publish","type":"page","link":"https:\/\/cirzem.pl\/index.php\/egzamin-czeladniczy\/","title":{"rendered":"Egzamin czeladniczy"},"content":{"rendered":"<p>[vc_row][vc_column][vc_custom_heading text=&#8221;Warunki dopuszczenia do egzaminu czeladniczego&#8221; font_container=&#8221;tag:h3|font_size:38px|text_align:left|color:%230a0a0a&#8221; css=&#8221;.vc_custom_1612868634162{margin-bottom: 20px !important;}&#8221;][vc_column_text]Do egzaminu czeladniczego mo\u017ce przyst\u0105pi\u0107 zar\u00f3wno osoba doros\u0142a jak i ucze\u0144 \u2013 pracownik m\u0142odociany, je\u015bli spe\u0142ni jeden z nast\u0119puj\u0105cych warunk\u00f3w:<\/p>\n<ul>\n<li>uko\u0144czy\u0142a nauk\u0119 zawodu u rzemie\u015blnika oraz dokszta\u0142canie teoretyczne w szkole lub w formach pozaszkolnych;<\/li>\n<li>posiada \u015bwiadectwo uko\u0144czenia gimnazjum albo o\u015bmioletniej szko\u0142y podstawowej oraz uzyska\u0142a umiej\u0119tno\u015bci zawodowe w zawodzie, w kt\u00f3rym zdaje egzamin, w formie pozaszkolnej;<\/li>\n<li>posiada \u015bwiadectwo uko\u0144czenia gimnazjum albo o\u015bmioletniej szko\u0142y podstawowej oraz co najmniej dwuletni lub trzyletni sta\u017c pracy w zawodzie , w kt\u00f3rym zdaje egzamin \u2013 odpowiednio do okresu kszta\u0142cenia w danym zawodzie przewidzianego w klasyfikacji zawod\u00f3w szkolnictwa zawodowego , okre\u015blonej w odr\u0119bnych przepisach;<\/li>\n<li>posiada \u015bwiadectwo uko\u0144czenia gimnazjum albo o\u015bmioletniej szko\u0142y podstawowej oraz co najmniej dwuletni lub trzyletni sta\u017c pracy w zawodzie , w kt\u00f3rym zdaje egzamin \u2013 odpowiednio do okresu nauki w danym zawodzie ustalonym przez Zwi\u0105zek Rzemios\u0142a Polskiego, je\u017celi zaw\u00f3d nie wyst\u0119puje w klasyfikacji zawod\u00f3w szkolnictwa zawodowego;<\/li>\n<li>posiada \u015bwiadectwo uko\u0144czenia szko\u0142y ponadgimnazjalnej albo dotychczasowej szko\u0142y ponadpodstawowej, prowadz\u0105cej kszta\u0142cenie zawodowe o kierunku zwi\u0105zanym z zawodem, w kt\u00f3rym zdaje egzamin;<\/li>\n<li>posiada tytu\u0142 zawodowy w zawodzie wchodz\u0105cym w zakres zawodu, w kt\u00f3rym zdaje egzamin oraz po uzyskaniu tytu\u0142u zawodowego co najmniej p\u00f3\u0142roczny sta\u017c pracy w zawodzie, w kt\u00f3rym zdaje egzamin.<\/li>\n<\/ul>\n<p>[\/vc_column_text][vc_custom_heading text=&#8221;Struktura egzaminu czeladniczego&#8221; font_container=&#8221;tag:h3|font_size:38px|text_align:left|color:%230a0a0a&#8221; css=&#8221;.vc_custom_1612136405815{margin-bottom: 20px !important;}&#8221;][vc_column_text]Egzamin czeladniczy przeprowadza si\u0119 w dw\u00f3ch etapach: praktycznym i teoretycznym.<\/p>\n<p><strong>ETAP PRAKTYCZNY<\/strong>\u00a0\u2013\u00a0 polega na samodzielnym wykonaniu przez zdaj\u0105cego zada\u0144 egzaminacyjnych sprawdzaj\u0105cych praktyczne umiej\u0119tno\u015bci z zakresu kwalifikacji w danym zawodzie. Przeprowadzany jest w zak\u0142adach rzemie\u015blniczych lub warsztatach szkoleniowych pod nadzorem cz\u0142onk\u00f3w zespo\u0142u egzaminacyjnego.<\/p>\n<p><strong>E<\/strong><strong>TAP TEORETYCZNY<\/strong>\u00a0\u2013 sk\u0142ada si\u0119 z :<br \/>\ncz\u0119\u015bci pisemnej ( testy) , polegaj\u0105cej na udzieleniu odpowiedzi z zakresu nast\u0119puj\u0105cych temat\u00f3w:<\/p>\n<ul>\n<li>rachunkowo\u015b\u0107 zawodowa,<\/li>\n<li>dokumentacja dzia\u0142alno\u015bci gospodarczej,<\/li>\n<li>rysunek zawodowy,<\/li>\n<li>zasady bezpiecze\u0144stwa i higieny pracy oraz ochrony przeciwpo\u017carowej,<\/li>\n<li>podstawowe zasady ochrony \u015brodowiska,<\/li>\n<li>podstawowe przepisy prawa pracy,<\/li>\n<li>podstawowa problematyka prawa gospodarczego i zarz\u0105dzania przedsi\u0119biorstwem<\/li>\n<\/ul>\n<p>cz\u0119\u015bci ustnej, polegaj\u0105cej na udzieleniu przez zdaj\u0105cego odpowiedzi na wylosowane pytania z temat\u00f3w:<\/p>\n<ul>\n<li>technologia<\/li>\n<li>maszynoznawstwo<\/li>\n<li>materia\u0142oznawstwo<\/li>\n<\/ul>\n<p>[\/vc_column_text][vc_custom_heading text=&#8221;Wymagane dokumenty do egzaminu czeladniczego&#8221; font_container=&#8221;tag:h3|font_size:38px|text_align:left|color:%230a0a0a&#8221; css=&#8221;.vc_custom_1611911658239{margin-bottom: 20px !important;}&#8221;][vc_column_text]<\/p>\n<ul>\n<li>Wniosek o dopuszczenie do egzaminu czeladniczego.<\/li>\n<li>Potwierdzenie wniesienia op\u0142aty (op\u0142at\u0119 za egzamin mo\u017cna dokona\u0107 w kasie Izby lub na konto Cz\u0119stochowskiej Izby Rzemios\u0142a i Przedsi\u0119biorczo\u015bci).<\/li>\n<\/ul>\n<p><strong><u>M\u0142odociani pracownicy<\/u><\/strong><u>\u00a0<\/u><\/p>\n<ul>\n<li>\u015awiadectwo uko\u0144czenia zasadniczej szko\u0142y zawodowej, lub uko\u0144czenia gimnazjum albo o\u015bmioletniej szko\u0142y podstawowej i za\u015bwiadczenie o uko\u0144czeniu kursu przygotowuj\u0105cego do egzaminu lub o\u015bwiadczenie mistrza szkol\u0105cego o przygotowaniu teoretycznym kandydata do egzaminu.<\/li>\n<li>Umowa o prac\u0119 w celu przygotowania zawodowego wraz z za\u015bwiadczeniem uko\u0144czenia nauki zawodu wystawionym przez pracodawc\u0119 i potwierdzonym przez cech (je\u017celi pracodawca jest cz\u0142onkiem cechu).<\/li>\n<li>W przypadku zaliczenia nauki zawodu u kilku pracodawc\u00f3w nale\u017cy do\u0142\u0105czy\u0107 wszystkie umowy o prac\u0119 wraz z \u015bwiadectwami pracy, a w przypadku zaliczenia nauki w szkole \u2013 za\u015bwiadczenie o okresie nauki zawodu.<\/li>\n<\/ul>\n<p><strong><u>Kandydaci z wolnego naboru:<\/u><\/strong><\/p>\n<ul>\n<li>Dokument(y) potwierdzaj\u0105cy(e) wymagany okres wykonywania zawodu.<\/li>\n<li>\u015awiadectwo uko\u0144czenia szko\u0142y.<\/li>\n<li>Za\u015bwiadczenie uko\u0144czenia przygotowania zawodowego doros\u0142ych<\/li>\n<li>Tytu\u0142 zawodowy w zawodzie wchodz\u0105cym w zakres zawodu, w kt\u00f3rym osoba zdaje egzamin.<\/li>\n<li>\u015awiadectwo uzyskania co najmniej 1 kwalifikacji w zawodzie, w kt\u00f3rym osoba zdaje egzamin lub za\u015bwiadczenie zdania egzaminu sprawdzaj\u0105cego po uko\u0144czeniu przygotowania\u00a0 zawodowego doros\u0142ych.<\/li>\n<\/ul>\n<p>[\/vc_column_text][vc_custom_heading text=&#8221;Druki do pobrania do egzaminu czeladniczego&#8221; font_container=&#8221;tag:h3|font_size:38px|text_align:left|color:%230a0a0a&#8221; css=&#8221;.vc_custom_1706172318227{margin-bottom: 20px !important;}&#8221;][vc_column_text]<a href=\"https:\/\/cirzem.pl\/wp-content\/uploads\/2024\/12\/wniosek-czeladnik-szkola-branzowa.pdf\">wniosek czeladnik szko\u0142a branzowa.pdf<\/a><\/p>\n<p><a href=\"https:\/\/cirzem.pl\/wp-content\/uploads\/2024\/12\/wniosek-czeladnik-uczen-szkoly-branzowej-1.doc\">wniosek-czeladnik-uczen-szkoly-branzowej<\/a><\/p>\n<p><a href=\"https:\/\/cirzem.pl\/wp-content\/uploads\/2024\/12\/wniosek-czeladnik-wolny-nabor-forma-pozaszkolna-1.pdf\">wniosek czeladnik wolny nab\u00f3r, forma pozaszkolna<\/a>.pdf<\/p>\n<p><a href=\"https:\/\/cirzem.pl\/wp-content\/uploads\/2024\/12\/wniosek-czeladnik-wolny-nabor-forma-pozaszkolna.doc\">wniosek-czeladnik-wolny-nabor, forma pozaszkolna<\/a><\/p>\n<p><a href=\"https:\/\/cirzem.pl\/wp-content\/uploads\/2024\/12\/klauzula-RODO-do-wniosku-czeladniczego.pdf\">klauzula RODO do wniosku czeladniczego.<\/a>pdf.<\/p>\n<p><a href=\"https:\/\/cirzem.pl\/wp-content\/uploads\/2024\/01\/zaswiadczenie-o-realizacji-nauki-zawodu-pracodawca2-1.pdf\">zaswiadczenie-o-realizacji-nauki-zawodu-pracodawca.pdf<\/a><\/p>\n<p><a href=\"https:\/\/cirzem.pl\/wp-content\/uploads\/2024\/01\/zaswiadczenie-o-realizacji-nauki-zawodu-pracodawca-\u2014-f.-pozaszkolna.doc\">zaswiadczenie-o-realizacji-nauki-zawodu-pracodawca-\u2014-f.-pozaszkolna<\/a><\/p>\n<p><a href=\"https:\/\/cirzem.pl\/wp-content\/uploads\/2024\/01\/zaswiadczenie-o-realizacji-nauki-zawodu-pracodawca-\u2014-f.-pozaszkolna-1.pdf\">zaswiadczenie-o-realizacji-nauki-zawodu-pracodawca-\u2014-f.-pozaszkolna.pdf<\/a><\/p>\n<p><a href=\"https:\/\/cirzem.pl\/wp-content\/uploads\/2023\/01\/oswiadczenie-o-przygotowaniu-z-teorii-zawodowej.pdf\">o\u015bwiadczenie o przygotowaniu z teorii zawodowej.pdf<\/a><\/p>\n<p><a href=\"https:\/\/cirzem.pl\/wp-content\/uploads\/2023\/01\/oswiadczenie-o-przygotowaniu-z-teorii-zawodowej.doc\">o\u015bwiadczenie o przygotowaniu z teorii zawodowej<\/a><\/p>\n<p><a href=\"https:\/\/cirzem.pl\/wp-content\/uploads\/2021\/02\/zmianaokrnauki.pdf\">zmiana okresu nauki<\/a>[\/vc_column_text][\/vc_column][\/vc_row]<\/p>\n","protected":false},"excerpt":{"rendered":"<p>[vc_row][vc_column][vc_custom_heading text=&#8221;Warunki dopuszczenia do egzaminu czeladniczego&#8221; font_container=&#8221;tag:h3|font_size:38px|text_align:left|color:%230a0a0a&#8221; css=&#8221;.vc_custom_1612868634162{margin-bottom: 20px !important;}&#8221;][vc_column_text]Do egzaminu czeladniczego mo\u017ce przyst\u0105pi\u0107 zar\u00f3wno osoba doros\u0142a jak i ucze\u0144 \u2013 pracownik m\u0142odociany, je\u015bli spe\u0142ni jeden z nast\u0119puj\u0105cych warunk\u00f3w: uko\u0144czy\u0142a nauk\u0119 zawodu u rzemie\u015blnika oraz dokszta\u0142canie teoretyczne w szkole lub w formach pozaszkolnych; posiada \u015bwiadectwo uko\u0144czenia gimnazjum albo o\u015bmioletniej szko\u0142y podstawowej oraz uzyska\u0142a umiej\u0119tno\u015bci zawodowe [&hellip;]<\/p>\n","protected":false},"author":3,"featured_media":0,"parent":0,"menu_order":0,"comment_status":"closed","ping_status":"closed","template":"","meta":{"footnotes":""},"class_list":["post-4013","page","type-page","status-publish","hentry"],"_links":{"self":[{"href":"https:\/\/cirzem.pl\/index.php\/wp-json\/wp\/v2\/pages\/4013","targetHints":{"allow":["GET"]}}],"collection":[{"href":"https:\/\/cirzem.pl\/index.php\/wp-json\/wp\/v2\/pages"}],"about":[{"href":"https:\/\/cirzem.pl\/index.php\/wp-json\/wp\/v2\/types\/page"}],"author":[{"embeddable":true,"href":"https:\/\/cirzem.pl\/index.php\/wp-json\/wp\/v2\/users\/3"}],"replies":[{"embeddable":true,"href":"https:\/\/cirzem.pl\/index.php\/wp-json\/wp\/v2\/comments?post=4013"}],"version-history":[{"count":29,"href":"https:\/\/cirzem.pl\/index.php\/wp-json\/wp\/v2\/pages\/4013\/revisions"}],"predecessor-version":[{"id":5000,"href":"https:\/\/cirzem.pl\/index.php\/wp-json\/wp\/v2\/pages\/4013\/revisions\/5000"}],"wp:attachment":[{"href":"https:\/\/cirzem.pl\/index.php\/wp-json\/wp\/v2\/media?parent=4013"}],"curies":[{"name":"wp","href":"https:\/\/api.w.org\/{rel}","templated":true}]}}