{"id":4010,"date":"2021-01-29T10:06:47","date_gmt":"2021-01-29T09:06:47","guid":{"rendered":"https:\/\/cirzem.pl\/?page_id=4010"},"modified":"2024-09-17T15:41:07","modified_gmt":"2024-09-17T13:41:07","slug":"nadzor-nad-szkoleniem","status":"publish","type":"page","link":"https:\/\/cirzem.pl\/index.php\/nadzor-nad-szkoleniem\/","title":{"rendered":"Nadz\u00f3r nad szkoleniem"},"content":{"rendered":"<p>[vc_row][vc_column][vc_custom_heading text=&#8221;Nadz\u00f3r nad szkoleniem&#8221; font_container=&#8221;tag:h3|font_size:38px|text_align:left|color:%230a0a0a&#8221; css=&#8221;.vc_custom_1611853924867{margin-bottom: 20px !important;}&#8221;][vc_column_text]Nadz\u00f3r nad przebiegiem przygotowania zawodowego m\u0142odocianych pracownik\u00f3w zatrudnionych u pracodawc\u00f3w rzemie\u015blnik\u00f3w, sprawuje izba rzemie\u015blnicza lub z jej upowa\u017cnienia cech.<br \/>\nPracodawca rzemie\u015blnik zatrudniaj\u0105cy pracownik\u00f3w w celu przygotowania zawodowego zrzesza si\u0119 w cechu lub izbie rzemie\u015blniczej.<\/p>\n<p>&nbsp;<\/p>\n<p>[\/vc_column_text][\/vc_column][\/vc_row]<\/p>\n","protected":false},"excerpt":{"rendered":"<p>[vc_row][vc_column][vc_custom_heading text=&#8221;Nadz\u00f3r nad szkoleniem&#8221; font_container=&#8221;tag:h3|font_size:38px|text_align:left|color:%230a0a0a&#8221; css=&#8221;.vc_custom_1611853924867{margin-bottom: 20px !important;}&#8221;][vc_column_text]Nadz\u00f3r nad przebiegiem przygotowania zawodowego m\u0142odocianych pracownik\u00f3w zatrudnionych u pracodawc\u00f3w rzemie\u015blnik\u00f3w, sprawuje izba rzemie\u015blnicza lub z jej upowa\u017cnienia cech. Pracodawca rzemie\u015blnik zatrudniaj\u0105cy pracownik\u00f3w w celu przygotowania zawodowego zrzesza si\u0119 w cechu lub izbie rzemie\u015blniczej. &nbsp; [\/vc_column_text][\/vc_column][\/vc_row]<\/p>\n","protected":false},"author":3,"featured_media":0,"parent":0,"menu_order":0,"comment_status":"closed","ping_status":"closed","template":"","meta":{"footnotes":""},"class_list":["post-4010","page","type-page","status-publish","hentry"],"_links":{"self":[{"href":"https:\/\/cirzem.pl\/index.php\/wp-json\/wp\/v2\/pages\/4010","targetHints":{"allow":["GET"]}}],"collection":[{"href":"https:\/\/cirzem.pl\/index.php\/wp-json\/wp\/v2\/pages"}],"about":[{"href":"https:\/\/cirzem.pl\/index.php\/wp-json\/wp\/v2\/types\/page"}],"author":[{"embeddable":true,"href":"https:\/\/cirzem.pl\/index.php\/wp-json\/wp\/v2\/users\/3"}],"replies":[{"embeddable":true,"href":"https:\/\/cirzem.pl\/index.php\/wp-json\/wp\/v2\/comments?post=4010"}],"version-history":[{"count":5,"href":"https:\/\/cirzem.pl\/index.php\/wp-json\/wp\/v2\/pages\/4010\/revisions"}],"predecessor-version":[{"id":4894,"href":"https:\/\/cirzem.pl\/index.php\/wp-json\/wp\/v2\/pages\/4010\/revisions\/4894"}],"wp:attachment":[{"href":"https:\/\/cirzem.pl\/index.php\/wp-json\/wp\/v2\/media?parent=4010"}],"curies":[{"name":"wp","href":"https:\/\/api.w.org\/{rel}","templated":true}]}}