{"id":4007,"date":"2021-01-28T18:08:36","date_gmt":"2021-01-28T17:08:36","guid":{"rendered":"https:\/\/cirzem.pl\/?page_id=4007"},"modified":"2021-07-15T12:09:44","modified_gmt":"2021-07-15T10:09:44","slug":"zawody","status":"publish","type":"page","link":"https:\/\/cirzem.pl\/index.php\/zawody\/","title":{"rendered":"Zawody"},"content":{"rendered":"<p>[vc_row][vc_column][vc_custom_heading text=&#8221;Zawody&#8221; font_container=&#8221;tag:h3|font_size:38px|text_align:left|color:%230a0a0a&#8221; css=&#8221;.vc_custom_1611853596648{margin-bottom: 20px !important;}&#8221;][vc_column_text]Zawody w kt\u00f3rych prowadzona jest nauka zawodu w rzemio\u015ble to zawody szkolne i pozaszkolne. Czas trwania nauki w zawodach przewidzianych do kszta\u0142cenia w zasadniczych szko\u0142ach zawodowych wynosi 3 lata (36 miesi\u0119cy). Pracodawca zobowi\u0105zany jest skierowa\u0107 m\u0142odocianego na dokszta\u0142canie w szkole zawodowej lub zorganizowa\u0107 dokszta\u0142canie w systemie pozaszkolnym pod warunkiem realizacji obowi\u0105zkowych zaj\u0119\u0107 z zakresu teoretycznego kszta\u0142cenia zawodowego wg podstawy programowej.<\/p>\n<p>&nbsp;<\/p>\n<p>Nauka zawodu u pracodawcy rzemie\u015blnika mo\u017ce dotyczy\u0107 zawodu z klasyfikacji zawod\u00f3w i specjalno\u015bci dla potrzeb rynku pracy, kt\u00f3ry nie figuruje w klasyfikacji szkolnej, pod warunkiem jednak, \u017ce w zawodzie tym komisja egzaminacyjna izby rzemie\u015blniczej przeprowadza egzaminy czeladnicze.<\/p>\n<p>[\/vc_column_text][\/vc_column][\/vc_row]<\/p>\n","protected":false},"excerpt":{"rendered":"<p>[vc_row][vc_column][vc_custom_heading text=&#8221;Zawody&#8221; font_container=&#8221;tag:h3|font_size:38px|text_align:left|color:%230a0a0a&#8221; css=&#8221;.vc_custom_1611853596648{margin-bottom: 20px !important;}&#8221;][vc_column_text]Zawody w kt\u00f3rych prowadzona jest nauka zawodu w rzemio\u015ble to zawody szkolne i pozaszkolne. Czas trwania nauki w zawodach przewidzianych do kszta\u0142cenia w zasadniczych szko\u0142ach zawodowych wynosi 3 lata (36 miesi\u0119cy). Pracodawca zobowi\u0105zany jest skierowa\u0107 m\u0142odocianego na dokszta\u0142canie w szkole zawodowej lub zorganizowa\u0107 dokszta\u0142canie w systemie pozaszkolnym pod warunkiem realizacji [&hellip;]<\/p>\n","protected":false},"author":3,"featured_media":0,"parent":0,"menu_order":0,"comment_status":"closed","ping_status":"closed","template":"","meta":{"footnotes":""},"class_list":["post-4007","page","type-page","status-publish","hentry"],"_links":{"self":[{"href":"https:\/\/cirzem.pl\/index.php\/wp-json\/wp\/v2\/pages\/4007","targetHints":{"allow":["GET"]}}],"collection":[{"href":"https:\/\/cirzem.pl\/index.php\/wp-json\/wp\/v2\/pages"}],"about":[{"href":"https:\/\/cirzem.pl\/index.php\/wp-json\/wp\/v2\/types\/page"}],"author":[{"embeddable":true,"href":"https:\/\/cirzem.pl\/index.php\/wp-json\/wp\/v2\/users\/3"}],"replies":[{"embeddable":true,"href":"https:\/\/cirzem.pl\/index.php\/wp-json\/wp\/v2\/comments?post=4007"}],"version-history":[{"count":2,"href":"https:\/\/cirzem.pl\/index.php\/wp-json\/wp\/v2\/pages\/4007\/revisions"}],"predecessor-version":[{"id":4225,"href":"https:\/\/cirzem.pl\/index.php\/wp-json\/wp\/v2\/pages\/4007\/revisions\/4225"}],"wp:attachment":[{"href":"https:\/\/cirzem.pl\/index.php\/wp-json\/wp\/v2\/media?parent=4007"}],"curies":[{"name":"wp","href":"https:\/\/api.w.org\/{rel}","templated":true}]}}