{"id":4004,"date":"2021-01-28T18:01:32","date_gmt":"2021-01-28T17:01:32","guid":{"rendered":"https:\/\/cirzem.pl\/?page_id=4004"},"modified":"2025-02-07T11:16:56","modified_gmt":"2025-02-07T10:16:56","slug":"mistrz-szkolacy","status":"publish","type":"page","link":"https:\/\/cirzem.pl\/index.php\/mistrz-szkolacy\/","title":{"rendered":"Mistrz szkol\u0105cy"},"content":{"rendered":"<p>[vc_row][vc_column][vc_custom_heading text=&#8221;Uprawnienia do szkolenia&#8221; font_container=&#8221;tag:h3|font_size:38px|text_align:left|color:%230a0a0a&#8221; css=&#8221;.vc_custom_1611853047750{margin-bottom: 20px !important;}&#8221;][vc_column_text]Przygotowanie zawodowe m\u0142odocianych mo\u017ce prowadzi\u0107:<\/p>\n<ul>\n<li>pracodawca<\/li>\n<li>osoba prowadz\u0105ca zak\u0142ad pracy w imieniu pracodawcy<\/li>\n<li>osoba zatrudniona u pracodawcy pod warunkiem posiadania kwalifikacji wymaganych od instruktor\u00f3w praktycznej nauki zawodu, okre\u015blonych w przepisach dotycz\u0105cych praktycznej nauki zawodu.<\/li>\n<\/ul>\n<p>&nbsp;<\/p>\n<p>Instruktorem praktycznej nauki zawodu mo\u017ce by\u0107 osoba, kt\u00f3ra ma:<\/p>\n<ul>\n<li>\u00a0uko\u0144czony kurs pedagogiczny dla instruktor\u00f3w praktycznej nauki zawodu, kt\u00f3rego program zosta\u0142 przygotowany<br \/>\nzgodnie z ramowym programem kursu pedagogicznego dla instruktor\u00f3w praktycznej nauki zawodu, okre\u015blonym w za\u0142\u0105czniku do rozporz\u0105dzenia, i zatwierdzony przez kuratora o\u015bwiaty lub<\/li>\n<li>\u00a0uko\u0144czony kurs pedagogiczny, kt\u00f3rego program zosta\u0142 zatwierdzony przez kuratora o\u015bwiaty i obejmowa\u0142 \u0142\u0105cznie co<br \/>\nnajmniej 70 godzin zaj\u0119\u0107 z psychologii, pedagogiki i metodyki oraz 10 godzin praktyki metodycznej, lub<\/li>\n<li>\u00a0uko\u0144czony przed dniem 6 stycznia 1993 r. kurs pedagogiczny uprawniaj\u0105cy do pe\u0142nienia funkcji instruktora praktycznej nauki zawodu, lub<\/li>\n<li>w przypadku praktycznej nauki zawodu odbywanej na statku morskim lub \u015br\u00f3dl\u0105dowym \u2013 uko\u0144czone szkolenie dydaktyczne dla instruktora, potwierdzone \u015bwiadectwem przeszkolenia dydaktycznego dla instruktora wydanym przez<br \/>\ndyrektora urz\u0119du morskiego, lub<\/li>\n<li>\u00a0przygotowanie pedagogiczne wymagane od nauczycieli, lub<\/li>\n<li>\u00a0kwalifikacje wymagane od nauczycieli praktycznej nauki zawodu, okre\u015blone w przepisach wydanych na podstawie<br \/>\nart. 9 ust. 2 ustawy z dnia 26 stycznia 1982 r. \u2013 Karta Nauczyciela.<\/li>\n<\/ul>\n<p>Posiada ponadto:<\/p>\n<ul>\n<li>tytu\u0142 zawodowy w zawodzie, kt\u00f3rego b\u0119d\u0105 naucza\u0107, lub w zawodzie pokrewnym do zawodu, kt\u00f3rego b\u0119d\u0105 naucza\u0107, i co najmniej trzyletni sta\u017c pracy w zawodzie, kt\u00f3rego b\u0119d\u0105 naucza\u0107, oraz:<br \/>\na) \u015bwiadectwo uko\u0144czenia technikum, bran\u017cowej szko\u0142y II stopnia, technikum uzupe\u0142niaj\u0105cego lub szko\u0142y r\u00f3wnorz\u0119dnej lub<br \/>\nb) \u015bwiadectwo uko\u0144czenia szko\u0142y policealnej lub dyplom uko\u0144czenia szko\u0142y pomaturalnej lub policealnej, lub<\/li>\n<li>tytu\u0142 robotnika wykwalifikowanego lub r\u00f3wnorz\u0119dny w zawodzie, kt\u00f3rego b\u0119d\u0105 naucza\u0107, i co najmniej czteroletni sta\u017c pracy w zawodzie, kt\u00f3rego b\u0119d\u0105 naucza\u0107, oraz:<br \/>\na) \u015bwiadectwo uko\u0144czenia liceum og\u00f3lnokszta\u0142c\u0105cego, liceum zawodowego, liceum technicznego, liceum profilowanego, uzupe\u0142niaj\u0105cego liceum og\u00f3lnokszta\u0142c\u0105cego lub<br \/>\nb) \u015bwiadectwo uko\u0144czenia technikum, bran\u017cowej szko\u0142y II stopnia i technikum uzupe\u0142niaj\u0105cego, kszta\u0142c\u0105cych w innym zawodzie ni\u017c ten, kt\u00f3rego b\u0119d\u0105 naucza\u0107, lub<br \/>\nc) \u015bwiadectwo uko\u0144czenia \u015bredniego studium zawodowego, lub<\/li>\n<li>dyplom uko\u0144czenia studi\u00f3w:<br \/>\na) na kierunku odpowiednim dla zawodu, kt\u00f3rego b\u0119d\u0105 naucza\u0107, oraz co najmniej dwuletni sta\u017c pracy w zawodzie, kt\u00f3rego b\u0119d\u0105 naucza\u0107, lub<br \/>\nb) na innym kierunku ni\u017c odpowiedni dla zawodu, kt\u00f3rego b\u0119d\u0105 naucza\u0107, oraz co najmniej czteroletni sta\u017c pracy w zawodzie, kt\u00f3rego b\u0119d\u0105 naucza\u0107, lub<\/li>\n<li>tytu\u0142 zawodowy w zawodzie, kt\u00f3rego b\u0119d\u0105 naucza\u0107, lub w zawodzie pokrewnym do zawodu, kt\u00f3rego b\u0119d\u0105 naucza\u0107, i co najmniej sze\u015bcioletni sta\u017c pracy w zawodzie, kt\u00f3rego b\u0119d\u0105 naucza\u0107, oraz \u015bwiadectwo uko\u0144czenia zasadniczej szko\u0142y zawodowej lub bran\u017cowej szko\u0142y I stopnia, lub<\/li>\n<li>tytu\u0142 mistrza w zawodzie, kt\u00f3rego b\u0119d\u0105 naucza\u0107, lub w zawodzie wchodz\u0105cym w zakres zawodu, kt\u00f3rego b\u0119d\u0105 naucza\u0107.<\/li>\n<\/ul>\n<p>[\/vc_column_text][vc_custom_heading text=&#8221;Prawa i obowi\u0105zki&#8221; font_container=&#8221;tag:h3|font_size:38px|text_align:left|color:%230a0a0a&#8221; css=&#8221;.vc_custom_1611853124785{margin-bottom: 20px !important;}&#8221;][vc_column_text]Pracodawca rzemie\u015blnik zobowi\u0105zany jest:<\/p>\n<ul>\n<li>zatrudni\u0107 i szkoli\u0107 m\u0142odocianego zgodnie z programem praktycznej nauki zawodu (przyuczenia),<\/li>\n<li>zaopatrzy\u0107 m\u0142odocianego w przewidziany na danym stanowisku sprz\u0119t ochrony osobistej, odzie\u017c ochronn\u0105 i robocz\u0105, narz\u0119dzia pracy, materia\u0142y i inne potrzebne urz\u0105dzenia,<\/li>\n<li>stosowa\u0107 si\u0119 do przepis\u00f3w o ochronie pracy i zdrowia m\u0142odocianych,<\/li>\n<li>kierowa\u0107 m\u0142odocianego na badania lekarskie, zgodnie z przepisami i ponosi\u0107 koszty z tym zwi\u0105zane, zg\u0142asza\u0107 m\u0142odocianego w ustalonych terminach na nauk\u0119 dokszta\u0142caj\u0105c\u0105, umo\u017cliwi\u0107 mu regularne ucz\u0119szczanie na t\u0119 nauk\u0119 oraz kontrolowa\u0107 wykonanie przez niego obowi\u0105zku dokszta\u0142cania teoretycznego,<\/li>\n<li>pokry\u0107 koszty egzaminu czeladniczego zdawanego przez m\u0142odocianego w pierwszym wyznaczonym terminie<\/li>\n<\/ul>\n<p>[\/vc_column_text][vc_custom_heading text=&#8221;Refundacja wynagrodze\u0144&#8221; font_container=&#8221;tag:h3|font_size:38px|text_align:left|color:%230a0a0a&#8221; css=&#8221;.vc_custom_1611853187775{margin-bottom: 20px !important;}&#8221;][vc_column_text]Pracodawca, kt\u00f3ry zatrudnia pracownik\u00f3w m\u0142odocianych w celu przygotowania zawodowego, mo\u017ce uzyska\u0107 refundacj\u0119 wyp\u0142aconych im wynagrodze\u0144 oraz op\u0142aconych od tych wynagrodze\u0144 sk\u0142adek na ubezpieczenia spo\u0142eczne. Wysoko\u015b\u0107 refundacji jest ograniczona \u2013 nie mo\u017ce przekracza\u0107 na jednego pracownika m\u0142odocianego wysoko\u015bci wynagrodzenia m\u0142odocianego ustalonego w przepisach oraz op\u0142acanych od tego wynagrodzenia sk\u0142adek na ubezpieczenie spo\u0142eczne finansowanych przez pracodawc\u0119.<\/p>\n<p>&nbsp;<\/p>\n<p>Wynagrodzenie m\u0142odocianego obliczane jest w stosunku procentowym do przeci\u0119tnego, miesi\u0119cznego wynagrodzenia w gospodarce narodowej w poprzednim kwartale, obowi\u0105zuj\u0105cego od pierwszego dnia nast\u0119pnego miesi\u0105ca po og\u0142oszeniu przez Prezesa GUS w Dzienniku Urz\u0119dowym RP \u201eMonitor Polski\u201d i wynosi :<\/p>\n<p>&nbsp;<\/p>\n<table>\n<tbody>\n<tr>\n<td><strong>Okres<\/strong><\/td>\n<td><strong>1.12.2024\u00a0r. &#8211; 28.02.2025 r.<\/strong> (brutto)<\/td>\n<\/tr>\n<tr>\n<td>I rok nauki \u2013 nie mniej ni\u017c 8% ww. wynagrodzenia<\/td>\n<td>652,93 z\u0142<\/td>\n<\/tr>\n<tr>\n<td>II rok nauki \u2013 nie mniej ni\u017c 9% ww. wynagrodzenia<\/td>\n<td>734,55 z\u0142<\/td>\n<\/tr>\n<tr>\n<td>III rok nauki \u2013 nie mniej ni\u017c 10% ww. wynagrodzenia<\/td>\n<td>816,16 z\u0142<\/td>\n<\/tr>\n<\/tbody>\n<\/table>\n<p>[\/vc_column_text][vc_custom_heading text=&#8221;Dofinansowanie koszt\u00f3w&#8221; font_container=&#8221;tag:h3|font_size:38px|text_align:left|color:%230a0a0a&#8221; css=&#8221;.vc_custom_1611853264912{margin-bottom: 20px !important;}&#8221;][vc_column_text]Dofinansowanie jest cz\u0119\u015bciow\u0105 rekompensat\u0105 koszt\u00f3w, kt\u00f3re pracodawca ponosi w zwi\u0105zku z zatrudnianiem i kszta\u0142ceniem m\u0142odocianego pracownika. Przyznawane jest na wniosek pracodawcy i stanowi\u00a0<em>pomoc de minimis<\/em>\u00a0udzielan\u0105 zgodnie z warunkami okre\u015blonymi w rozumieniu przepis\u00f3w rozporz\u0105dzenia\u00a0 Komisji (UE) Nr 1407\/2013 z dnia 18 grudnia 2013 r. w sprawie stosowania art. 107 i 108 Traktatu o funkcjonowaniu Unii Europejskiej do pomocy de minimis.<br \/>\nWarunki przyznawania dofinansowania okre\u015blone s\u0105 w:<\/p>\n<p><a href=\"https:\/\/web.archive.org\/web\/20200925062335\/https:\/\/cirzem.pl\/wp-content\/uploads\/Ustawa-z-dnia-7-wrze%C5%9Bnia-1991-r.-o-systemie-o%C5%9Bwiaty-Dz.-U.-z-2004-r.-Nr-256-poz.-2572-z-p%C3%B3%C5%BAn.-zm..pdf\">ustawa-z-dnia-7-wrzesnia-1991-r-o-systemie-oswiaty-dz-u-z-2004-r-nr-256-poz-2572-z-pozn-zm<\/a><\/p>\n<p><a href=\"https:\/\/web.archive.org\/web\/20200925062335\/https:\/\/cirzem.pl\/wp-content\/uploads\/rozp_1407_2013_pomoc_publiczna_de_minimis-Dz.-Urz.-UE-L-352-z-24.12.2013-str.-1.pdf\">rozp_1407_2013_pomoc_publiczna_de_minimis-dz-urz-ue-l-352-z-24-12-2013-str-1<\/a>[\/vc_column_text][\/vc_column][\/vc_row]<\/p>\n","protected":false},"excerpt":{"rendered":"<p>[vc_row][vc_column][vc_custom_heading text=&#8221;Uprawnienia do szkolenia&#8221; font_container=&#8221;tag:h3|font_size:38px|text_align:left|color:%230a0a0a&#8221; css=&#8221;.vc_custom_1611853047750{margin-bottom: 20px !important;}&#8221;][vc_column_text]Przygotowanie zawodowe m\u0142odocianych mo\u017ce prowadzi\u0107: pracodawca osoba prowadz\u0105ca zak\u0142ad pracy w imieniu pracodawcy osoba zatrudniona u pracodawcy pod warunkiem posiadania kwalifikacji wymaganych od instruktor\u00f3w praktycznej nauki zawodu, okre\u015blonych w przepisach dotycz\u0105cych praktycznej nauki zawodu. &nbsp; Instruktorem praktycznej nauki zawodu mo\u017ce by\u0107 osoba, kt\u00f3ra ma: \u00a0uko\u0144czony kurs pedagogiczny dla [&hellip;]<\/p>\n","protected":false},"author":3,"featured_media":0,"parent":0,"menu_order":0,"comment_status":"closed","ping_status":"closed","template":"","meta":{"footnotes":""},"class_list":["post-4004","page","type-page","status-publish","hentry"],"_links":{"self":[{"href":"https:\/\/cirzem.pl\/index.php\/wp-json\/wp\/v2\/pages\/4004","targetHints":{"allow":["GET"]}}],"collection":[{"href":"https:\/\/cirzem.pl\/index.php\/wp-json\/wp\/v2\/pages"}],"about":[{"href":"https:\/\/cirzem.pl\/index.php\/wp-json\/wp\/v2\/types\/page"}],"author":[{"embeddable":true,"href":"https:\/\/cirzem.pl\/index.php\/wp-json\/wp\/v2\/users\/3"}],"replies":[{"embeddable":true,"href":"https:\/\/cirzem.pl\/index.php\/wp-json\/wp\/v2\/comments?post=4004"}],"version-history":[{"count":16,"href":"https:\/\/cirzem.pl\/index.php\/wp-json\/wp\/v2\/pages\/4004\/revisions"}],"predecessor-version":[{"id":5100,"href":"https:\/\/cirzem.pl\/index.php\/wp-json\/wp\/v2\/pages\/4004\/revisions\/5100"}],"wp:attachment":[{"href":"https:\/\/cirzem.pl\/index.php\/wp-json\/wp\/v2\/media?parent=4004"}],"curies":[{"name":"wp","href":"https:\/\/api.w.org\/{rel}","templated":true}]}}