{"id":3988,"date":"2021-01-28T13:26:32","date_gmt":"2021-01-28T12:26:32","guid":{"rendered":"https:\/\/cirzem.pl\/?page_id=3988"},"modified":"2021-04-12T18:26:54","modified_gmt":"2021-04-12T16:26:54","slug":"ochrona-danych-osobowych","status":"publish","type":"page","link":"https:\/\/cirzem.pl\/index.php\/ochrona-danych-osobowych\/","title":{"rendered":"Ochrona danych osobowych"},"content":{"rendered":"<p>[vc_row][vc_column][vc_custom_heading text=&#8221;Ochrona danych osobowych&#8221; font_container=&#8221;tag:h3|font_size:38px|text_align:left|color:%230a0a0a&#8221; css=&#8221;.vc_custom_1611836766357{margin-bottom: 20px !important;}&#8221;][vc_column_text]Uprzejmie informujemy, i\u017c wobec wej\u015bcia w \u017cycie 25 maja 2018 r. \u00a0Rozporz\u0105dzenia Parlamentu Europejskiego i Rady Unii Europejskiej 2016\/679 z 27.04.2016 w sprawie ochrony os\u00f3b fizycznych w zwi\u0105zku z przetwarzaniem danych osobowych i w sprawie swobodnego przep\u0142ywu takich danych oraz uchylenia dyrektywy 95\/46\/WE opublikowanego w Dzienniku Urz\u0119dowym UE L 119.s1, dla zapewnienia pe\u0142niejszej ochrony danych osobowych, Cz\u0119stochowska Izba Rzemios\u0142a i Przedsi\u0119biorczo\u015bci zaktualizowa\u0142a\u00a0<em>polityk\u0119 ochrony danych osobowych<\/em>\u00a0zawieraj\u0105c\u0105 zasady, cele, procedury oraz opisy organizacyjnych i technicznych \u015brodk\u00f3w zabezpieczenia zwi\u0105zane z przetwarzaniem i ochron\u0105 danych osobowych.<\/p>\n<p>&nbsp;<\/p>\n<p>Jednocze\u015bnie informujemy, \u017ce Administratorem danych osobowych jest Cz\u0119stochowska Izba Rzemios\u0142a i Przedsi\u0119biorczo\u015bci z siedzib\u0105 al. Ko\u015bciuszki 6, 42-200 Cz\u0119stochowa, NIP 5730013383, wpisana do Krajowego Rejestru S\u0105dowego pod numerem\u00a0 KRS 0000046477, (dalej\u00a0 Administrator).<\/p>\n<p>&nbsp;<\/p>\n<p>Kontakt z Administratorem tel. <strong>34 324 17 22<\/strong><br \/>\ne-mail:\u00a0<a href=\"https:\/\/web.archive.org\/web\/20200925060142\/mailto:cirzem.sekretariat@wp.pl\"><strong>cirzem.sekretariat@wp.pl<\/strong><\/a><\/p>\n<p>&nbsp;<\/p>\n<p>Ka\u017cdy ma prawo \u017c\u0105dania od Administratora dost\u0119pu do danych osobowych, ich sprostowania, usuni\u0119cia, ograniczenia przetwarzania, a tak\u017ce prawa do przenoszenia danych i wniesienia sprzeciwu wobec przetwarzania, prawa do wnoszenia skargi do Prezesa Urz\u0119du Ochrony Danych Osobowych.<\/p>\n<p>&nbsp;<\/p>\n<p>&nbsp;<\/p>\n<p><a href=\"https:\/\/web.archive.org\/web\/20200925060142\/https:\/\/cirzem.pl\/wp-content\/uploads\/Polityka-ochrony-danych-osob.-CzIRiP-obr%C3%B3cony-1.pdf\">https:\/\/cirzem.pl\/wp-content\/uploads\/Polityka-ochrony-danych-osob.-CzIRiP-obr\u00f3cony-1.pdf<\/a><\/p>\n<p><a href=\"https:\/\/web.archive.org\/web\/20200925060142\/https:\/\/cirzem.pl\/wp-content\/uploads\/za%C5%82-1.pdf\">https:\/\/cirzem.pl\/wp-content\/uploads\/za\u0142-1.pdf<\/a><\/p>\n<p><a href=\"https:\/\/web.archive.org\/web\/20200925060142\/https:\/\/cirzem.pl\/wp-content\/uploads\/za%C5%82-2.pdf\">https:\/\/cirzem.pl\/wp-content\/uploads\/za\u0142-2.pdf<\/a><\/p>\n<p><a href=\"https:\/\/web.archive.org\/web\/20200925060142\/https:\/\/cirzem.pl\/wp-content\/uploads\/za%C5%82-5.pdf\">https:\/\/cirzem.pl\/wp-content\/uploads\/za\u0142-5.pdf<\/a><\/p>\n<p><a href=\"https:\/\/web.archive.org\/web\/20200925060142\/https:\/\/cirzem.pl\/wp-content\/uploads\/za%C5%82-7.pdf\">https:\/\/cirzem.pl\/wp-content\/uploads\/za\u0142-7.pdf<\/a><\/p>\n<p><a href=\"https:\/\/web.archive.org\/web\/20200925060142\/https:\/\/cirzem.pl\/wp-content\/uploads\/za%C5%82-8.pdf\">https:\/\/cirzem.pl\/wp-content\/uploads\/za\u0142-8.pdf<\/a><\/p>\n<p><a href=\"https:\/\/web.archive.org\/web\/20200925060142\/https:\/\/cirzem.pl\/wp-content\/uploads\/za%C5%82-9.pdf\">https:\/\/cirzem.pl\/wp-content\/uploads\/za\u0142-9.pdf<\/a><\/p>\n<p><a href=\"https:\/\/web.archive.org\/web\/20200925060142\/https:\/\/cirzem.pl\/wp-content\/uploads\/za%C5%82-10.pdf\">https:\/\/cirzem.pl\/wp-content\/uploads\/za\u0142-10.pdf<\/a><\/p>\n<p><a href=\"https:\/\/web.archive.org\/web\/20200925060142\/https:\/\/cirzem.pl\/wp-content\/uploads\/za%C5%82-13.pdf\">https:\/\/cirzem.pl\/wp-content\/uploads\/za\u0142-13.pdf<\/a>[\/vc_column_text][\/vc_column][\/vc_row]<\/p>\n","protected":false},"excerpt":{"rendered":"<p>[vc_row][vc_column][vc_custom_heading text=&#8221;Ochrona danych osobowych&#8221; font_container=&#8221;tag:h3|font_size:38px|text_align:left|color:%230a0a0a&#8221; css=&#8221;.vc_custom_1611836766357{margin-bottom: 20px !important;}&#8221;][vc_column_text]Uprzejmie informujemy, i\u017c wobec wej\u015bcia w \u017cycie 25 maja 2018 r. \u00a0Rozporz\u0105dzenia Parlamentu Europejskiego i Rady Unii Europejskiej 2016\/679 z 27.04.2016 w sprawie ochrony os\u00f3b fizycznych w zwi\u0105zku z przetwarzaniem danych osobowych i w sprawie swobodnego przep\u0142ywu takich danych oraz uchylenia dyrektywy 95\/46\/WE opublikowanego w Dzienniku Urz\u0119dowym UE [&hellip;]<\/p>\n","protected":false},"author":3,"featured_media":0,"parent":0,"menu_order":0,"comment_status":"closed","ping_status":"closed","template":"","meta":{"footnotes":""},"class_list":["post-3988","page","type-page","status-publish","hentry"],"_links":{"self":[{"href":"https:\/\/cirzem.pl\/index.php\/wp-json\/wp\/v2\/pages\/3988","targetHints":{"allow":["GET"]}}],"collection":[{"href":"https:\/\/cirzem.pl\/index.php\/wp-json\/wp\/v2\/pages"}],"about":[{"href":"https:\/\/cirzem.pl\/index.php\/wp-json\/wp\/v2\/types\/page"}],"author":[{"embeddable":true,"href":"https:\/\/cirzem.pl\/index.php\/wp-json\/wp\/v2\/users\/3"}],"replies":[{"embeddable":true,"href":"https:\/\/cirzem.pl\/index.php\/wp-json\/wp\/v2\/comments?post=3988"}],"version-history":[{"count":5,"href":"https:\/\/cirzem.pl\/index.php\/wp-json\/wp\/v2\/pages\/3988\/revisions"}],"predecessor-version":[{"id":4160,"href":"https:\/\/cirzem.pl\/index.php\/wp-json\/wp\/v2\/pages\/3988\/revisions\/4160"}],"wp:attachment":[{"href":"https:\/\/cirzem.pl\/index.php\/wp-json\/wp\/v2\/media?parent=3988"}],"curies":[{"name":"wp","href":"https:\/\/api.w.org\/{rel}","templated":true}]}}