{"id":3985,"date":"2021-01-28T12:53:19","date_gmt":"2021-01-28T11:53:19","guid":{"rendered":"https:\/\/cirzem.pl\/?page_id=3985"},"modified":"2025-09-24T09:54:13","modified_gmt":"2025-09-24T07:54:13","slug":"statut","status":"publish","type":"page","link":"https:\/\/cirzem.pl\/index.php\/statut\/","title":{"rendered":"Statut"},"content":{"rendered":"<p>[vc_row][vc_column][vc_custom_heading text=&#8221;Statut \u2013 Organy Izby&#8221; font_container=&#8221;tag:h3|font_size:38px|text_align:left|color:%230a0a0a&#8221; css=&#8221;.vc_custom_1611834751718{margin-bottom: 20px !important;}&#8221;][vc_column_text]Statut Izby zatwierdzony dnia 26.06.2018 r. \u2013 postanowienie S\u0105du Rejonowego w Cz\u0119stochowie, XVII Wydzia\u0142 Gospodarczy Krajowego Rejestru S\u0105dowego \u2013 okre\u015bla\u00a0 cele dzia\u0142ania Izby do kt\u00f3rych nale\u017c\u0105:<br \/>\n1)\u00a0ochrona praw i reprezentowanie interes\u00f3w cz\u0142onk\u00f3w wobec organ\u00f3w w\u0142adzy i administracji pa\u0144stwowej, organ\u00f3w samorz\u0105du terytorialnego, s\u0105d\u00f3w, zwi\u0105zk\u00f3w zawodowych, urz\u0119d\u00f3w i instytucji,<br \/>\n2) prowadzenie na rzecz cz\u0142onk\u00f3w dzia\u0142alno\u015bci spo\u0142eczno \u2013 organizacyjnej, instrukta\u017cowo \u2013 doradczej\u00a0\u00a0 i gospodarczej,<br \/>\n3) przeprowadzanie egzamin\u00f3w kwalifikacyjnych czeladniczych i mistrzowskich,<br \/>\n4) podejmowanie dzia\u0142a\u0144 na celu zapewnienie przestrzegania prawa, zw\u0142aszcza przepis\u00f3w ustawy z dnia 22 marca 1989 r. o rzemio\u015ble, przez wszystkie osoby prawne, instytucje i osoby fizyczne, kt\u00f3rych dotyczy\u0107 to mo\u017ce.<\/p>\n<p>Izba realizuje swoje zadania poprzez:<br \/>\n1)\u00a0rozwijanie dzia\u0142alno\u015bci marketingowej na rzecz rzemios\u0142a i zrzeszonych organizacji, wprowadzanie wszelkich innowacji w tej dziedzinie, zw\u0142aszcza komputeryzacji, organizowanie i prowadzenie doradztwa w dziedzinie podejmowania dzia\u0142alno\u015bci eksportowej i importowej przez rzemie\u015blnik\u00f3w,<br \/>\n2)\u00a0inicjowanie i organizowanie we w\u0142asnym zakresie oraz udzielanie pomocy organizacjom zrzeszonym przy urz\u0105dzaniu wystaw, targ\u00f3w, gie\u0142d, wzorcowni, konkurs\u00f3w itp.,<br \/>\n3)\u00a0powo\u0142ywanie komisji egzaminacyjnych,<br \/>\n4)\u00a0udzielanie pomocy i instrukta\u017cu cz\u0142onkom w zakresie szkolenia uczni\u00f3w w zak\u0142adach rzemie\u015blniczych oraz wsp\u00f3\u0142praca z organami administracji pa\u0144stwowej i samorz\u0105du terytorialnego w zakresie szkolenia w szko\u0142ach ponadgimnazjalnych i o\u015brodkach szkolenia zawodowego,<br \/>\n5)\u00a0przeprowadzanie egzamin\u00f3w czeladniczych i mistrzowskich, podnoszenie kwalifikacji zawodowych rzemie\u015blnik\u00f3w,<br \/>\n6)\u00a0wsp\u00f3\u0142praca z zagranic\u0105 w zakresie dzia\u0142alno\u015bci marketingowej na rzecz rzemios\u0142a i organizacji zrzeszonych, zw\u0142aszcza promocji wyrob\u00f3w i us\u0142ug rzemios\u0142a poza granicami kraju,<br \/>\n7)\u00a0powo\u0142ywanie rzeczoznawc\u00f3w spo\u015br\u00f3d cz\u0142onk\u00f3w organizacji zrzeszonych i wyznaczanie ich do wydawania opinii,<br \/>\n8)\u00a0wskazywanie przedstawicieli do powiatowych rad zatrudnienia,<br \/>\n9)\u00a0w uzgodnieniu z cz\u0142onkami zrzeszonymi zg\u0142aszanie kandydat\u00f3w do terytorialnych organ\u00f3w przedstawicielskich i samorz\u0105dowych,<br \/>\n10) wykonywanie innych zada\u0144, wynikaj\u0105cych z bie\u017c\u0105cych potrzeb przepis\u00f3w prawa a dotycz\u0105cych rzemios\u0142a.<\/p>\n<p>Zgodnie ze statutem cele te Izba mo\u017ce realizowa\u0107 poprzez prowadzenie dzia\u0142alno\u015bci gospodarczej, w tym poprzez wyodr\u0119bnione zak\u0142ady w\u0142asne, prowadzenie o\u015brodk\u00f3w szkolnych i szkoleniowych, dom\u00f3w wczasowych, o\u015brodk\u00f3w kolonijnych jak r\u00f3wnie\u017c organizowa\u0107 wsp\u00f3\u0142prac\u0119 za granic\u0105 oraz poprzez podejmowanie innych przedsi\u0119wzi\u0119\u0107 organizacyjnych zgodnie z przepisami prawa.<br \/>\nIzba mo\u017ce tworzy\u0107 wsp\u00f3lnie z innymi osobami prawnymi: krajowymi i zagranicznymi, jednostki organizacyjne przewidziane przepisami prawa oraz przyst\u0119powa\u0107 do organizacji gospodarczych i innych. Ponadto Izba sprawuje nadz\u00f3r nad przebiegiem przygotowania zawodowego w rzemio\u015ble pracownik\u00f3w m\u0142odocianych, zatrudnionych przez rzemie\u015blnik\u00f3w maj\u0105cych siedzib\u0119 w granicach terytorialnego zasi\u0119gu Izby. Izba mo\u017ce powierzy\u0107 te zadania zrzeszonemu cechowi, w\u0142a\u015bciwemu ze wzgl\u0119du na siedzib\u0119 rzemie\u015blnika zatrudniaj\u0105cego pracownik\u00f3w m\u0142odocianych w celu nauki zawodu.<br \/>\nIzba uprawniona jest r\u00f3wnie\u017c do potwierdzania egzamin\u00f3w kwalifikacyjnych \u015bwiadectwami i dyplomami oraz do opatrywania ich piecz\u0119ci\u0105 z god\u0142em Pa\u0144stwa.<\/p>\n<p>Cz\u0142onkami Izby mog\u0105 by\u0107:<br \/>\n1)\u00a0 cechy\u00a0 rzemie\u015blnicze<br \/>\n2) sp\u00f3\u0142dzielnie\u00a0 rzemie\u015blnicze<br \/>\n3) cz\u0142onkami wspieraj\u0105cymi mog\u0105 by\u0107 osoby prawne wykonuj\u0105ce dzia\u0142alno\u015b\u0107 gospodarcz\u0105.<br \/>\n4) osoby\u00a0 fizyczne\u00a0 wykonuj\u0105ce\u00a0 dzia\u0142alno\u015b\u0107\u00a0 gospodarcz\u0105,\u00a0 nie\u00a0 b\u0119d\u0105ce\u00a0 rzemie\u015blnikami,\u00a0 zatrudniaj\u0105ce\u00a0 nie\u00a0 wi\u0119cej\u00a0 ni\u017c\u00a0 250\u00a0 pracownik\u00f3w.<\/p>\n<p>Osoba,\u00a0 wykonuj\u0105ca\u00a0 dzia\u0142alno\u015b\u0107\u00a0 gospodarcz\u0105\u00a0 w\u00a0 warunkach\u00a0 okre\u015blonych w\u00a0 ustawie\u00a0 z\u00a0 dnia\u00a0 22\u00a0 marca\u00a0 1989 r.\u00a0 o\u00a0 rzemio\u015ble\u00a0 i\u00a0 zatrudniaj\u0105ca pracownik\u00f3w\u00a0 w\u00a0 celu\u00a0 przygotowania\u00a0 zawodowego\u00a0 w\u00a0 rzemio\u015ble obowi\u0105zana\u00a0 jest\u00a0 uzyska\u0107\u00a0 cz\u0142onkostwo\u00a0 Izby,\u00a0 o\u00a0 ile\u00a0 nie\u00a0 jest\u00a0 cz\u0142onkiem w\u0142a\u015bciwego\u00a0 cechu\u00a0 \u00a0\u00a0\u00a0\u00a0\u00a0\u00a0\u00a0\u00a0\u00a0\u00a0\u00a0 rzemie\u015blniczego, a\u00a0 prowadzi\u00a0 t\u0119\u00a0 dzia\u0142alno\u015b\u0107\u00a0 w\u00a0 granicach terytorialnego\u00a0 zasi\u0119gu\u00a0 Izby.<\/p>\n<p>Decyzj\u0119 o przyj\u0119ciu w poczet cz\u0142onk\u00f3w Izby podejmuje ka\u017cdorazowo Zarz\u0105d Izby.<\/p>\n<p>Cz\u0142onkowie Izby maj\u0105 prawo do:<br \/>\n1)\u00a0korzystania z pomocy, poradnictwa, instrukta\u017cu i innych us\u0142ug, i \u015bwiadcze\u0144<br \/>\nw granicach statutowej dzia\u0142alno\u015bci Izby,<br \/>\n2)\u00a0uczestniczenia przez swoich delegat\u00f3w w zjazdach i wyborach do organ\u00f3w statutowych Izby, dotyczy to r\u00f3wnie\u017c delegat\u00f3w, przedsi\u0119biorc\u00f3w zrzeszonych w izbie,<br \/>\n3)\u00a0zg\u0142aszania wniosk\u00f3w w sprawie dzia\u0142alno\u015bci Izby i zrzeszonych w niej organizacji,<br \/>\n4)\u00a0uzyskiwania informacji o wynikach i dzia\u0142alno\u015bci Izby,<br \/>\n5)\u00a0udzia\u0142u, przez swych przedstawicieli, w obradach statutowych organ\u00f3w Izby w czasie rozpatrywania wniesionych przez nich odwo\u0142a\u0144 oraz udzielania wyja\u015bnie\u0144.<\/p>\n<p>Cz\u0142onkowie Izby maj\u0105 obowi\u0105zek:<br \/>\n1)\u00a0stosowania si\u0119 do postanowie\u0144 statutu Izby,<br \/>\n2)\u00a0przestrzegania i realizacji uchwa\u0142 i postanowie\u0144 organ\u00f3w statutowych Izby,<br \/>\n3)\u00a0uiszczania terminowo sk\u0142adek na wykonywanie zada\u0144 Izby.<\/p>\n<p>Przyj\u0119cia na cz\u0142onka Izby dokonuje Zarz\u0105d Izby na podstawie z\u0142o\u017conej deklaracji na pi\u015bmie w ci\u0105gu miesi\u0105ca od jej z\u0142o\u017cenia. O uchwale o przyj\u0119ciu lub odmowie przyj\u0119cia zawiadamia si\u0119 zainteresowanego w ci\u0105gu 14 dni. Odmowa przyj\u0119cia winna by\u0107 uzasadniona. Od decyzji odmownej s\u0142u\u017cy odwo\u0142anie do Zjazdu.<\/p>\n<p>Cz\u0142onkostwo w Izbie ustaje na skutek:<br \/>\n1)\u00a0wyst\u0105pienia,<br \/>\n2)\u00a0wykluczenia,<br \/>\n3)\u00a0wykre\u015blenia.<\/p>\n<p>Wyst\u0105pienie cz\u0142onka Izby nast\u0119puje po up\u0142ywie 6 miesi\u0119cy od dnia zg\u0142oszenia pisemnego wypowiedzenia, licz\u0105c od pierwszego nast\u0119pnego miesi\u0105ca,\u00a0 w kt\u00f3rym nast\u0105pi\u0142o wypowiedzenie, chyba, \u017ce strony ustalaj\u0105 inny termin.<\/p>\n<p>Wykluczenie cz\u0142onka Izby mo\u017ce nast\u0105pi\u0107 w przypadku, gdy organizacja lub podmiot gospodarczy b\u0119d\u0105cy cz\u0142onkiem Izby nie wywi\u0105zuje si\u0119 z obowi\u0105zk\u00f3w cz\u0142onkowskich, okre\u015blonych w statucie Izby lub zalega ze sk\u0142adkami przez 6 miesi\u0119cy.<\/p>\n<p>&nbsp;<\/p>\n<p>Wykre\u015blenie cz\u0142onka nast\u0119puje w przypadku:<br \/>\n1)\u00a0utraty przez niego statutowych uprawnie\u0144 do zrzeszania si\u0119 w Izbie,<br \/>\n2)\u00a0nieotrzymania wi\u0119zi organizacyjnych z Izb\u0105 przez okres d\u0142u\u017cszy ni\u017c 1 rok,<br \/>\n3) zaprzestania dzia\u0142alno\u015bci.<\/p>\n<p>Uchwa\u0142\u0119 o wykre\u015bleniu lub wykluczeniu podejmuje Zarz\u0105d Izby. Organizacji wykre\u015blonej lub wykluczonej przys\u0142uguje odwo\u0142anie do Zjazdu.<\/p>\n<p>Wykre\u015blenie lub wykluczenie staje si\u0119 skuteczne z chwil\u0105 dor\u0119czenia zainteresowanej organizacji zawiadomienia o wykre\u015bleniu lub wykluczeniu wraz z uzasadnieniem oraz pouczeniem o zasadach i trybie odwo\u0142ania si\u0119. Zawiadomienia dokonuje si\u0119 na pi\u015bnie w ci\u0105gu 14 dni od daty podj\u0119cia decyzji.<\/p>\n<p>Zgodnie ze statutem najwy\u017cszym organem Izby uprawnionym do podejmowania uchwa\u0142 we wszystkich sprawach dotycz\u0105cych rzemios\u0142a i jego organizacji oraz zrzeszonych przedsi\u0119biorc\u00f3w jest Zjazd Delegat\u00f3w. Delegatami na Zjazd s\u0105 cz\u0142onkowie organizacji zrzeszonych w Izbie, prowadz\u0105cy dzia\u0142alno\u015b\u0107 gospodarcz\u0105, wybrani przez Walne Zgromadzenia tych organizacji, posiadaj\u0105cy co najmniej pi\u0119cioletni sta\u017c dzia\u0142alno\u015bci gospodarczej (wym\u00f3g posiadania sta\u017cu nie dotyczy organizacji nowo powsta\u0142ej) oraz przedstawiciele przedsi\u0119biorc\u00f3w zrzeszonych w Izbie, wybrani na zebraniu z zachowaniem, co do wyboru, parytetu ustalonego uchwa\u0142\u0105 Zarz\u0105du Izby. Zrzeszone w Izbie organizacje dokonuj\u0105 wyboru delegat\u00f3w w ilo\u015bci ka\u017cdorazowo ustalonej uchwa\u0142\u0105 Zarz\u0105du Izby. Ka\u017cda z tych organizacji b\u0119d\u0105ca cz\u0142onkiem Izby, ma co najmniej jednego delegata.<\/p>\n<p>Zjazd delegat\u00f3w w dniu 23.06.2022 r. dokona\u0142 wyboru organ\u00f3w Izby tj.:<br \/>\n\u2013 Zarz\u0105du,<br \/>\n\u2013 Komisji Rewizyjnej,<br \/>\n\u2013 Odwo\u0142awczego S\u0105du Rzemie\u015blniczego.<\/p>\n<p><strong>Zarz\u0105d Izby stanowi\u0105:<\/strong><br \/>\n<strong>\u2013 W\u0142odzimierz Biniek \u2013 prezes<br \/>\n<\/strong><strong>\u2013 Stefan Rybicki \u2013 z-ca prezesa<br \/>\n<\/strong><strong>\u2013 J\u00f3zef Jasica \u2013 z-ca prezesa<br \/>\n<\/strong><strong>\u2013 Zbigniew Wawrzak \u2013 sekretarz<\/strong><\/p>\n<p><strong>cz\u0142onkowie zarz\u0105du:<\/strong><br \/>\n<strong>\u2013 Zdzis\u0142aw B\u0119ben<br \/>\n<\/strong><strong>\u2013 Ireneusz Zygier<br \/>\n<\/strong><strong>\u2013 Jan Charciarek<\/strong><\/p>\n<p>Zarz\u0105d w okresie pomi\u0119dzy Zjazdami jest najwy\u017cszym organem Izby i kieruje ca\u0142okszta\u0142tem jej dzia\u0142alno\u015bci poprzez podejmowanie wszelkich decyzji niezastrze\u017conych w przepisach prawa i w statucie, do w\u0142a\u015bciwo\u015bci innych organ\u00f3w. Kadencja prezesa Izby i cz\u0142onk\u00f3w Zarz\u0105du trwa 4 lata i wygasa nie wcze\u015bniej ni\u017c z chwil\u0105 wyboru nowego Zarz\u0105du.<\/p>\n<p>Kolejnym organem wybranym przez Zjazd jest<strong> Komisja Rewizyjna<\/strong>, kt\u00f3ra sk\u0142ada si\u0119 z 5 os\u00f3b, tj.:<br \/>\n<strong>\u2013 Waldemar Pacud \u2013 przewodnicz\u0105cy<\/strong><\/p>\n<p>cz\u0142onkowie:<br \/>\n<strong>\u2013 Jaros\u0142aw Flak<br \/>\n<\/strong><strong>\u2013 Aneta Bitner<br \/>\n<\/strong><strong>\u2013 Miros\u0142aw Nahajowski<\/strong><\/p>\n<p>Do zada\u0144 Komisji nale\u017cy kontrola ca\u0142okszta\u0142tu dzia\u0142alno\u015bci gospodarczej Izby, a w szczeg\u00f3lno\u015bci sprawowanie kontroli dzia\u0142alno\u015bci finansowo \u2013 ksi\u0119gowej Izby oraz wyst\u0119powanie z wnioskiem o udzielenie absolutorium cz\u0142onkom Zarz\u0105du, a tak\u017ce kontrolowanie wykonania uchwa\u0142 Zjazdu i Zarz\u0105du.<\/p>\n<p><strong>Odwo\u0142awczy S\u0105d Rzemie\u015blniczy<\/strong> w sk\u0142ad kt\u00f3rego wchodz\u0105:<br \/>\n<strong>\u2013 Krzysztof Szczepa\u0144ski \u2013 przewodnicz\u0105cy<br \/>\n<\/strong><strong>\u2013 Bernadeta Brzezina &#8211; Mo\u0144ka<br \/>\n<\/strong><strong>\u2013 Dominik Pe\u0142ka<br \/>\n<\/strong><strong>\u2013 Zbigniew Pabiasz<br \/>\n<\/strong><strong>\u2013 Miros\u0142aw Wolny<\/strong><\/p>\n<p>Odwo\u0142awczy S\u0105d Rzemie\u015blniczy rozpatruje odwo\u0142ania od orzecze\u0144 i postanowie\u0144 s\u0105d\u00f3w cechowych. Od orzeczenia lub postanowienia Odwo\u0142awczego S\u0105du Rzemie\u015blniczego nie przys\u0142uguj\u0105 \u015brodki odwo\u0142awcze.<\/p>\n<p>Jednolity tekst statutu stanowi za\u0142\u0105cznik do Uchwa\u0142y Nr 5\/2018 z dnia 26 czerwca 2018r. Zjazdu Delegat\u00f3w Organizacji Rzemie\u015blniczych i Przedsi\u0119biorc\u00f3w zrzeszonych w Cz\u0119stochowskiej Izbie Rzemios\u0142a i Przedsi\u0119biorczo\u015bci w Cz\u0119stochowie.[\/vc_column_text][\/vc_column][\/vc_row]<\/p>\n","protected":false},"excerpt":{"rendered":"<p>[vc_row][vc_column][vc_custom_heading text=&#8221;Statut \u2013 Organy Izby&#8221; font_container=&#8221;tag:h3|font_size:38px|text_align:left|color:%230a0a0a&#8221; css=&#8221;.vc_custom_1611834751718{margin-bottom: 20px !important;}&#8221;][vc_column_text]Statut Izby zatwierdzony dnia 26.06.2018 r. \u2013 postanowienie S\u0105du Rejonowego w Cz\u0119stochowie, XVII Wydzia\u0142 Gospodarczy Krajowego Rejestru S\u0105dowego \u2013 okre\u015bla\u00a0 cele dzia\u0142ania Izby do kt\u00f3rych nale\u017c\u0105: 1)\u00a0ochrona praw i reprezentowanie interes\u00f3w cz\u0142onk\u00f3w wobec organ\u00f3w w\u0142adzy i administracji pa\u0144stwowej, organ\u00f3w samorz\u0105du terytorialnego, s\u0105d\u00f3w, zwi\u0105zk\u00f3w zawodowych, urz\u0119d\u00f3w i instytucji, [&hellip;]<\/p>\n","protected":false},"author":3,"featured_media":0,"parent":0,"menu_order":0,"comment_status":"closed","ping_status":"closed","template":"","meta":{"footnotes":""},"class_list":["post-3985","page","type-page","status-publish","hentry"],"_links":{"self":[{"href":"https:\/\/cirzem.pl\/index.php\/wp-json\/wp\/v2\/pages\/3985","targetHints":{"allow":["GET"]}}],"collection":[{"href":"https:\/\/cirzem.pl\/index.php\/wp-json\/wp\/v2\/pages"}],"about":[{"href":"https:\/\/cirzem.pl\/index.php\/wp-json\/wp\/v2\/types\/page"}],"author":[{"embeddable":true,"href":"https:\/\/cirzem.pl\/index.php\/wp-json\/wp\/v2\/users\/3"}],"replies":[{"embeddable":true,"href":"https:\/\/cirzem.pl\/index.php\/wp-json\/wp\/v2\/comments?post=3985"}],"version-history":[{"count":14,"href":"https:\/\/cirzem.pl\/index.php\/wp-json\/wp\/v2\/pages\/3985\/revisions"}],"predecessor-version":[{"id":5300,"href":"https:\/\/cirzem.pl\/index.php\/wp-json\/wp\/v2\/pages\/3985\/revisions\/5300"}],"wp:attachment":[{"href":"https:\/\/cirzem.pl\/index.php\/wp-json\/wp\/v2\/media?parent=3985"}],"curies":[{"name":"wp","href":"https:\/\/api.w.org\/{rel}","templated":true}]}}